{"id":1069,"date":"2025-01-05T00:59:50","date_gmt":"2025-01-05T00:59:50","guid":{"rendered":"https:\/\/caluaniemuelearus.com\/?page_id=1069"},"modified":"2026-01-15T19:09:13","modified_gmt":"2026-01-15T19:09:13","slug":"danh-muc","status":"publish","type":"page","link":"https:\/\/caluaniemuelearus.com\/vi\/danh-muc\/","title":{"rendered":"Danh m\u1ee5c"},"content":{"rendered":"<p>[et_pb_section fb_built=&#8221;1&#8243; _builder_version=&#8221;4.27.4&#8243; _module_preset=&#8221;default&#8221; global_colors_info=&#8221;{}&#8221;][et_pb_row column_structure=&#8221;3_4,1_4&#8243; _builder_version=&#8221;4.27.4&#8243; _module_preset=&#8221;default&#8221; global_colors_info=&#8221;{}&#8221;][et_pb_column type=&#8221;3_4&#8243; _builder_version=&#8221;4.27.4&#8243; _module_preset=&#8221;default&#8221; global_colors_info=&#8221;{}&#8221;][et_pb_text _builder_version=&#8221;4.27.4&#8243; _module_preset=&#8221;default&#8221; text_font=&#8221;Antic||||||||&#8221; global_colors_info=&#8221;{}&#8221;]<\/p>\n<h1 style=\"text-align: center;\">Danh m\u1ee5c<\/h1>\n<p>T\u00ecm hi\u1ec3u n\u01a1i mua Caluanie Muelear tr\u1ef1c tuy\u1ebfn v\u00e0 t\u1eeb c\u00e1c nh\u00e0 cung c\u1ea5p \u0111\u1ecba ph\u01b0\u01a1ng. Kh\u00e1m ph\u00e1 c\u00e1c \u0111\u1eb7c t\u00ednh v\u00e0 \u1ee9ng d\u1ee5ng \u0111\u1ed9c \u0111\u00e1o c\u1ee7a Caluanie Muelear Oxidize, m\u1ed9t h\u00f3a ch\u1ea5t c\u00f4ng nghi\u1ec7p thi\u1ebft y\u1ebfu \u0111\u01b0\u1ee3c s\u1eed d\u1ee5ng trong luy\u1ec7n kim v\u00e0 c\u00e1c quy tr\u00ecnh h\u00f3a h\u1ecdc kh\u00e1c nhau. \u0110\u1ea3m b\u1ea3o x\u1eed l\u00fd an to\u00e0n v\u00e0 tu\u00e2n th\u1ee7 c\u00e1c quy \u0111\u1ecbnh khi mua Caluanie Muelear Oxidize cho nhu c\u1ea7u kinh doanh c\u1ee7a b\u1ea1n. L\u00e0 nh\u00e0 cung c\u1ea5p Caluanie Muelear Oxidize h\u00e0ng \u0111\u1ea7u, ch\u00fang t\u00f4i cung c\u1ea5p cho kh\u00e1ch h\u00e0ng nh\u1eefng s\u1ea3n ph\u1ea9m ch\u1ea5t l\u01b0\u1ee3ng h\u00e0ng \u0111\u1ea7u. Vi\u1ec7c xem x\u00e9t k\u1ef9 l\u01b0\u1ee1ng x\u1ebfp h\u1ea1ng ng\u01b0\u1eddi b\u00e1n v\u00e0 \u0111\u00e1nh gi\u00e1 s\u1ea3n ph\u1ea9m c\u0169ng r\u1ea5t quan tr\u1ecdng. M\u1ed9t s\u1ed1 n\u1ec1n t\u1ea3ng th\u01b0\u1eddng cho ph\u00e9p so s\u00e1nh gi\u00e1 d\u1ec5 d\u00e0ng, gi\u00fap ng\u01b0\u1eddi ti\u00eau d\u00f9ng x\u00e1c \u0111\u1ecbnh \u0111\u01b0\u1ee3c m\u1ee9c gi\u00e1 c\u1ea1nh tranh.<\/p>\n<p><a href=\"https:\/\/caluaniemuelearus.com\/vi\/\">Caluanie Muelear Chemical<\/a> l\u00e0 m\u1ed9t lo\u1ea1i h\u00f3a ch\u1ea5t \u0111a n\u0103ng v\u00e0 ch\u1ea5t l\u01b0\u1ee3ng cao, c\u00f3 s\u1eb5n \u1edf nhi\u1ec1u k\u00edch c\u1ee1 (1L, 1.5L, 5L, 10L, 50L, 100L) \u0111\u1ec3 \u0111\u00e1p \u1ee9ng nhu c\u1ea7u c\u1ee7a c\u00e1c \u1ee9ng d\u1ee5ng c\u00f4ng nghi\u1ec7p l\u1edbn v\u00e0 nh\u1ecf. T\u00ednh linh ho\u1ea1t v\u00e0 \u0111\u1ed9 tin c\u1eady c\u1ee7a n\u00f3 khi\u1ebfn n\u00f3 tr\u1edf th\u00e0nh m\u1ed9t t\u00e0i s\u1ea3n gi\u00e1 tr\u1ecb trong nhi\u1ec1u ng\u00e0nh c\u00f4ng nghi\u1ec7p. Xem danh m\u1ee5c c\u1ee7a ch\u00fang t\u00f4i b\u00ean d\u01b0\u1edbi \u0111\u1ec3 mua caluanie muelear tr\u1ef1c tuy\u1ebfn, c\u00f3 s\u1eb5n v\u1edbi m\u1ecdi s\u1ed1 l\u01b0\u1ee3ng cho m\u1ee5c \u0111\u00edch s\u1eed d\u1ee5ng c\u00f4ng nghi\u1ec7p c\u1ee7a b\u1ea1n.<\/p>\n<p>[\/et_pb_text][et_pb_shop sale_badge_color=&#8221;#0a59ad&#8221; _builder_version=&#8221;4.27.4&#8243; _module_preset=&#8221;default&#8221; title_font=&#8221;Antic|700|||||||&#8221; title_text_color=&#8221;#000000&#8243; title_font_size=&#8221;18px&#8221; price_font=&#8221;|600|||||||&#8221; price_text_color=&#8221;#0C71C3&#8243; price_font_size=&#8221;15px&#8221; sale_badge_font_size=&#8221;18px&#8221; rating_text_color=&#8221;#0C71C3&#8243; text_orientation=&#8221;center&#8221; global_colors_info=&#8221;{}&#8221;][\/et_pb_shop][\/et_pb_column][et_pb_column type=&#8221;1_4&#8243; _builder_version=&#8221;4.27.4&#8243; _module_preset=&#8221;default&#8221; global_colors_info=&#8221;{}&#8221;][et_pb_sidebar _builder_version=&#8221;4.27.4&#8243; _module_preset=&#8221;default&#8221; global_colors_info=&#8221;{}&#8221;][\/et_pb_sidebar][\/et_pb_column][\/et_pb_row][\/et_pb_section]<\/p>","protected":false},"excerpt":{"rendered":"<p>Catalog Learn where to buy caluanie muelear online and from local suppliers. Explore the unique properties and applications of Caluanie Muelear Oxidize, an essential industrial chemical used in metallurgy and various chemical processes. Ensure safe handling and comply with regulations when purchasing Caluanie Muelear Oxidize for your business needs. As leading suppliers of Caluanie Muelear [&hellip;]<\/p>","protected":false},"author":1,"featured_media":0,"parent":0,"menu_order":0,"comment_status":"closed","ping_status":"closed","template":"","meta":{"_et_pb_use_builder":"on","_et_pb_old_content":"","_et_gb_content_width":"","footnotes":""},"class_list":["post-1069","page","type-page","status-publish","hentry"],"yoast_head":"<!-- This site is optimized with the Yoast SEO Premium plugin v23.9 (Yoast SEO v27.4) - https:\/\/yoast.com\/product\/yoast-seo-premium-wordpress\/ -->\n<title>Buy Caluanie Muelear Oxidize Online | All Sizes Available<\/title>\n<meta name=\"description\" content=\"Caluanie Muelear \u6c27\u5316\u5242\u662f\u9ad8\u6027\u80fd\u5de5\u4e1a\u5316\u5b66\u6eb6\u6db2\uff0c\u5e7f\u6cdb\u5e94\u7528\u4e8e\u51b6\u91d1\u3001\u5316\u5b66\u5408\u6210\u53ca\u6750\u6599\u5904\u7406\u3002\u6211\u4eec\u63d0\u4f9b\u4ece 1 \u5347\u81f3 100 \u5347\u7684\u591a\u79cd\u89c4\u683c\uff0c\u6ee1\u8db3\u4e0d\u540c\u89c4\u6a21\u9700\u6c42\u3002\u9009\u62e9 Caluanie Muelear\uff0c\u7f8e\u56fd\u9886\u5148\u4f9b\u5e94\u5546\u4e3a\u60a8\u63d0\u4f9b\u9ad8\u7eaf\u5ea6\u4ea7\u54c1\u3001\u53ef\u9760\u670d\u52a1\u4e0e\u5168\u7403\u53d1\u8d27\u652f\u6301\uff0c\u52a9\u529b\u9ad8\u6548\u751f\u4ea7\u4e0e\u7814\u7a76\u3002\" \/>\n<meta name=\"robots\" content=\"index, follow, max-snippet:-1, max-image-preview:large, max-video-preview:-1\" \/>\n<link rel=\"canonical\" href=\"https:\/\/caluaniemuelearus.com\/vi\/danh-muc\/\" \/>\n<meta property=\"og:locale\" content=\"vi_VN\" \/>\n<meta property=\"og:type\" content=\"article\" \/>\n<meta property=\"og:title\" content=\"Catalog\" \/>\n<meta property=\"og:description\" content=\"Caluanie Muelear \u6c27\u5316\u5242\u662f\u9ad8\u6027\u80fd\u5de5\u4e1a\u5316\u5b66\u6eb6\u6db2\uff0c\u5e7f\u6cdb\u5e94\u7528\u4e8e\u51b6\u91d1\u3001\u5316\u5b66\u5408\u6210\u53ca\u6750\u6599\u5904\u7406\u3002\u6211\u4eec\u63d0\u4f9b\u4ece 1 \u5347\u81f3 100 \u5347\u7684\u591a\u79cd\u89c4\u683c\uff0c\u6ee1\u8db3\u4e0d\u540c\u89c4\u6a21\u9700\u6c42\u3002\u9009\u62e9 Caluanie Muelear\uff0c\u7f8e\u56fd\u9886\u5148\u4f9b\u5e94\u5546\u4e3a\u60a8\u63d0\u4f9b\u9ad8\u7eaf\u5ea6\u4ea7\u54c1\u3001\u53ef\u9760\u670d\u52a1\u4e0e\u5168\u7403\u53d1\u8d27\u652f\u6301\uff0c\u52a9\u529b\u9ad8\u6548\u751f\u4ea7\u4e0e\u7814\u7a76\u3002\" \/>\n<meta property=\"og:url\" content=\"https:\/\/caluaniemuelearus.com\/vi\/danh-muc\/\" \/>\n<meta property=\"og:site_name\" content=\"Caluanie Muelear USA\" \/>\n<meta property=\"article:modified_time\" content=\"2026-01-15T19:09:13+00:00\" \/>\n<meta property=\"og:image\" content=\"https:\/\/caluaniemuelearus.com\/wp-content\/uploads\/2024\/11\/Pixel-technology-logo-designs-template.webp\" \/>\n\t<meta property=\"og:image:width\" content=\"500\" \/>\n\t<meta property=\"og:image:height\" content=\"500\" \/>\n\t<meta property=\"og:image:type\" content=\"image\/webp\" \/>\n<meta name=\"twitter:card\" content=\"summary_large_image\" \/>\n<meta name=\"twitter:label1\" content=\"\u01af\u1edbc t\u00ednh th\u1eddi gian \u0111\u1ecdc\" \/>\n\t<meta name=\"twitter:data1\" content=\"3 ph\u00fat\" \/>\n<script type=\"application\/ld+json\" class=\"yoast-schema-graph\">{\"@context\":\"https:\\\/\\\/schema.org\",\"@graph\":[{\"@type\":\"WebPage\",\"@id\":\"https:\\\/\\\/caluaniemuelearus.com\\\/catalog\\\/\",\"url\":\"https:\\\/\\\/caluaniemuelearus.com\\\/catalog\\\/\",\"name\":\"Buy Caluanie Muelear Oxidize Online | All Sizes Available\",\"isPartOf\":{\"@id\":\"https:\\\/\\\/caluaniemuelearus.com\\\/#website\"},\"datePublished\":\"2025-01-05T00:59:50+00:00\",\"dateModified\":\"2026-01-15T19:09:13+00:00\",\"description\":\"Caluanie Muelear \u6c27\u5316\u5242\u662f\u9ad8\u6027\u80fd\u5de5\u4e1a\u5316\u5b66\u6eb6\u6db2\uff0c\u5e7f\u6cdb\u5e94\u7528\u4e8e\u51b6\u91d1\u3001\u5316\u5b66\u5408\u6210\u53ca\u6750\u6599\u5904\u7406\u3002\u6211\u4eec\u63d0\u4f9b\u4ece 1 \u5347\u81f3 100 \u5347\u7684\u591a\u79cd\u89c4\u683c\uff0c\u6ee1\u8db3\u4e0d\u540c\u89c4\u6a21\u9700\u6c42\u3002\u9009\u62e9 Caluanie Muelear\uff0c\u7f8e\u56fd\u9886\u5148\u4f9b\u5e94\u5546\u4e3a\u60a8\u63d0\u4f9b\u9ad8\u7eaf\u5ea6\u4ea7\u54c1\u3001\u53ef\u9760\u670d\u52a1\u4e0e\u5168\u7403\u53d1\u8d27\u652f\u6301\uff0c\u52a9\u529b\u9ad8\u6548\u751f\u4ea7\u4e0e\u7814\u7a76\u3002\",\"breadcrumb\":{\"@id\":\"https:\\\/\\\/caluaniemuelearus.com\\\/catalog\\\/#breadcrumb\"},\"inLanguage\":\"vi\",\"potentialAction\":[{\"@type\":\"ReadAction\",\"target\":[\"https:\\\/\\\/caluaniemuelearus.com\\\/catalog\\\/\"]}]},{\"@type\":\"BreadcrumbList\",\"@id\":\"https:\\\/\\\/caluaniemuelearus.com\\\/catalog\\\/#breadcrumb\",\"itemListElement\":[{\"@type\":\"ListItem\",\"position\":1,\"name\":\"Home\",\"item\":\"https:\\\/\\\/caluaniemuelearus.com\\\/\"},{\"@type\":\"ListItem\",\"position\":2,\"name\":\"Catalog\"}]},{\"@type\":\"WebSite\",\"@id\":\"https:\\\/\\\/caluaniemuelearus.com\\\/#website\",\"url\":\"https:\\\/\\\/caluaniemuelearus.com\\\/\",\"name\":\"Caluanie Muelear USA\",\"description\":\"Buy Caluanie Muelear Oxidize\",\"publisher\":{\"@id\":\"https:\\\/\\\/caluaniemuelearus.com\\\/#organization\"},\"potentialAction\":[{\"@type\":\"SearchAction\",\"target\":{\"@type\":\"EntryPoint\",\"urlTemplate\":\"https:\\\/\\\/caluaniemuelearus.com\\\/?s={search_term_string}\"},\"query-input\":{\"@type\":\"PropertyValueSpecification\",\"valueRequired\":true,\"valueName\":\"search_term_string\"}}],\"inLanguage\":\"vi\"},{\"@type\":\"Organization\",\"@id\":\"https:\\\/\\\/caluaniemuelearus.com\\\/#organization\",\"name\":\"Caluanie Muelear USA\",\"url\":\"https:\\\/\\\/caluaniemuelearus.com\\\/\",\"logo\":{\"@type\":\"ImageObject\",\"inLanguage\":\"vi\",\"@id\":\"https:\\\/\\\/caluaniemuelearus.com\\\/#\\\/schema\\\/logo\\\/image\\\/\",\"url\":\"https:\\\/\\\/caluaniemuelearus.com\\\/wp-content\\\/uploads\\\/2024\\\/11\\\/Pixel-technology-logo-designs-template.webp\",\"contentUrl\":\"https:\\\/\\\/caluaniemuelearus.com\\\/wp-content\\\/uploads\\\/2024\\\/11\\\/Pixel-technology-logo-designs-template.webp\",\"width\":500,\"height\":500,\"caption\":\"Caluanie Muelear USA\"},\"image\":{\"@id\":\"https:\\\/\\\/caluaniemuelearus.com\\\/#\\\/schema\\\/logo\\\/image\\\/\"}}]}<\/script>\n<!-- \/ Yoast SEO Premium plugin. -->","yoast_head_json":{"title":"Buy Caluanie Muelear Oxidize Online | All Sizes Available","description":"Caluanie Muelear \u6c27\u5316\u5242\u662f\u9ad8\u6027\u80fd\u5de5\u4e1a\u5316\u5b66\u6eb6\u6db2\uff0c\u5e7f\u6cdb\u5e94\u7528\u4e8e\u51b6\u91d1\u3001\u5316\u5b66\u5408\u6210\u53ca\u6750\u6599\u5904\u7406\u3002\u6211\u4eec\u63d0\u4f9b\u4ece 1 \u5347\u81f3 100 \u5347\u7684\u591a\u79cd\u89c4\u683c\uff0c\u6ee1\u8db3\u4e0d\u540c\u89c4\u6a21\u9700\u6c42\u3002\u9009\u62e9 Caluanie Muelear\uff0c\u7f8e\u56fd\u9886\u5148\u4f9b\u5e94\u5546\u4e3a\u60a8\u63d0\u4f9b\u9ad8\u7eaf\u5ea6\u4ea7\u54c1\u3001\u53ef\u9760\u670d\u52a1\u4e0e\u5168\u7403\u53d1\u8d27\u652f\u6301\uff0c\u52a9\u529b\u9ad8\u6548\u751f\u4ea7\u4e0e\u7814\u7a76\u3002","robots":{"index":"index","follow":"follow","max-snippet":"max-snippet:-1","max-image-preview":"max-image-preview:large","max-video-preview":"max-video-preview:-1"},"canonical":"https:\/\/caluaniemuelearus.com\/vi\/danh-muc\/","og_locale":"vi_VN","og_type":"article","og_title":"Catalog","og_description":"Caluanie Muelear \u6c27\u5316\u5242\u662f\u9ad8\u6027\u80fd\u5de5\u4e1a\u5316\u5b66\u6eb6\u6db2\uff0c\u5e7f\u6cdb\u5e94\u7528\u4e8e\u51b6\u91d1\u3001\u5316\u5b66\u5408\u6210\u53ca\u6750\u6599\u5904\u7406\u3002\u6211\u4eec\u63d0\u4f9b\u4ece 1 \u5347\u81f3 100 \u5347\u7684\u591a\u79cd\u89c4\u683c\uff0c\u6ee1\u8db3\u4e0d\u540c\u89c4\u6a21\u9700\u6c42\u3002\u9009\u62e9 Caluanie Muelear\uff0c\u7f8e\u56fd\u9886\u5148\u4f9b\u5e94\u5546\u4e3a\u60a8\u63d0\u4f9b\u9ad8\u7eaf\u5ea6\u4ea7\u54c1\u3001\u53ef\u9760\u670d\u52a1\u4e0e\u5168\u7403\u53d1\u8d27\u652f\u6301\uff0c\u52a9\u529b\u9ad8\u6548\u751f\u4ea7\u4e0e\u7814\u7a76\u3002","og_url":"https:\/\/caluaniemuelearus.com\/vi\/danh-muc\/","og_site_name":"Caluanie Muelear USA","article_modified_time":"2026-01-15T19:09:13+00:00","og_image":[{"width":500,"height":500,"url":"https:\/\/caluaniemuelearus.com\/wp-content\/uploads\/2024\/11\/Pixel-technology-logo-designs-template.webp","type":"image\/webp"}],"twitter_card":"summary_large_image","twitter_misc":{"\u01af\u1edbc t\u00ednh th\u1eddi gian \u0111\u1ecdc":"3 ph\u00fat"},"schema":{"@context":"https:\/\/schema.org","@graph":[{"@type":"WebPage","@id":"https:\/\/caluaniemuelearus.com\/catalog\/","url":"https:\/\/caluaniemuelearus.com\/catalog\/","name":"Buy Caluanie Muelear Oxidize Online | All Sizes Available","isPartOf":{"@id":"https:\/\/caluaniemuelearus.com\/#website"},"datePublished":"2025-01-05T00:59:50+00:00","dateModified":"2026-01-15T19:09:13+00:00","description":"Caluanie Muelear \u6c27\u5316\u5242\u662f\u9ad8\u6027\u80fd\u5de5\u4e1a\u5316\u5b66\u6eb6\u6db2\uff0c\u5e7f\u6cdb\u5e94\u7528\u4e8e\u51b6\u91d1\u3001\u5316\u5b66\u5408\u6210\u53ca\u6750\u6599\u5904\u7406\u3002\u6211\u4eec\u63d0\u4f9b\u4ece 1 \u5347\u81f3 100 \u5347\u7684\u591a\u79cd\u89c4\u683c\uff0c\u6ee1\u8db3\u4e0d\u540c\u89c4\u6a21\u9700\u6c42\u3002\u9009\u62e9 Caluanie Muelear\uff0c\u7f8e\u56fd\u9886\u5148\u4f9b\u5e94\u5546\u4e3a\u60a8\u63d0\u4f9b\u9ad8\u7eaf\u5ea6\u4ea7\u54c1\u3001\u53ef\u9760\u670d\u52a1\u4e0e\u5168\u7403\u53d1\u8d27\u652f\u6301\uff0c\u52a9\u529b\u9ad8\u6548\u751f\u4ea7\u4e0e\u7814\u7a76\u3002","breadcrumb":{"@id":"https:\/\/caluaniemuelearus.com\/catalog\/#breadcrumb"},"inLanguage":"vi","potentialAction":[{"@type":"ReadAction","target":["https:\/\/caluaniemuelearus.com\/catalog\/"]}]},{"@type":"BreadcrumbList","@id":"https:\/\/caluaniemuelearus.com\/catalog\/#breadcrumb","itemListElement":[{"@type":"ListItem","position":1,"name":"Home","item":"https:\/\/caluaniemuelearus.com\/"},{"@type":"ListItem","position":2,"name":"Catalog"}]},{"@type":"WebSite","@id":"https:\/\/caluaniemuelearus.com\/#website","url":"https:\/\/caluaniemuelearus.com\/","name":"Caluanie Muelear Hoa K\u1ef3","description":"Mua Caluanie Muelear Oxidize","publisher":{"@id":"https:\/\/caluaniemuelearus.com\/#organization"},"potentialAction":[{"@type":"SearchAction","target":{"@type":"EntryPoint","urlTemplate":"https:\/\/caluaniemuelearus.com\/?s={search_term_string}"},"query-input":{"@type":"PropertyValueSpecification","valueRequired":true,"valueName":"search_term_string"}}],"inLanguage":"vi"},{"@type":"Organization","@id":"https:\/\/caluaniemuelearus.com\/#organization","name":"Caluanie Muelear Hoa K\u1ef3","url":"https:\/\/caluaniemuelearus.com\/","logo":{"@type":"ImageObject","inLanguage":"vi","@id":"https:\/\/caluaniemuelearus.com\/#\/schema\/logo\/image\/","url":"https:\/\/caluaniemuelearus.com\/wp-content\/uploads\/2024\/11\/Pixel-technology-logo-designs-template.webp","contentUrl":"https:\/\/caluaniemuelearus.com\/wp-content\/uploads\/2024\/11\/Pixel-technology-logo-designs-template.webp","width":500,"height":500,"caption":"Caluanie Muelear USA"},"image":{"@id":"https:\/\/caluaniemuelearus.com\/#\/schema\/logo\/image\/"}}]}},"_links":{"self":[{"href":"https:\/\/caluaniemuelearus.com\/vi\/wp-json\/wp\/v2\/pages\/1069","targetHints":{"allow":["GET"]}}],"collection":[{"href":"https:\/\/caluaniemuelearus.com\/vi\/wp-json\/wp\/v2\/pages"}],"about":[{"href":"https:\/\/caluaniemuelearus.com\/vi\/wp-json\/wp\/v2\/types\/page"}],"author":[{"embeddable":true,"href":"https:\/\/caluaniemuelearus.com\/vi\/wp-json\/wp\/v2\/users\/1"}],"replies":[{"embeddable":true,"href":"https:\/\/caluaniemuelearus.com\/vi\/wp-json\/wp\/v2\/comments?post=1069"}],"version-history":[{"count":16,"href":"https:\/\/caluaniemuelearus.com\/vi\/wp-json\/wp\/v2\/pages\/1069\/revisions"}],"predecessor-version":[{"id":1212,"href":"https:\/\/caluaniemuelearus.com\/vi\/wp-json\/wp\/v2\/pages\/1069\/revisions\/1212"}],"wp:attachment":[{"href":"https:\/\/caluaniemuelearus.com\/vi\/wp-json\/wp\/v2\/media?parent=1069"}],"curies":[{"name":"wp","href":"https:\/\/api.w.org\/{rel}","templated":true}]}}