{"id":1010,"date":"2024-11-28T01:01:32","date_gmt":"2024-11-28T01:01:32","guid":{"rendered":"https:\/\/caluaniemuelearus.com\/?post_type=product&#038;p=1010"},"modified":"2026-03-26T22:02:53","modified_gmt":"2026-03-26T22:02:53","slug":"caluanie-muelear-oxidize-1liter","status":"publish","type":"product","link":"https:\/\/caluaniemuelearus.com\/vi\/product\/caluanie-muelear-oxidize-1liter\/","title":{"rendered":"Caluanie Muelear Oxidize 1Liter"},"content":{"rendered":"<h2 style=\"text-align: center;\"><\/h2>\n<p>Gi\u1edbi thi\u1ec7u Caluanie Muelear Oxidize 1 l\u00edt, m\u1ed9t ch\u1ea5t oxy h\u00f3a cao c\u1ea5p, gi\u00fap \u0111\u1ecbnh ngh\u0129a l\u1ea1i hi\u1ec7u qu\u1ea3 v\u00e0 hi\u1ec7u su\u1ea5t trong nhi\u1ec1u \u1ee9ng d\u1ee5ng c\u00f4ng nghi\u1ec7p. V\u1edbi dung t\u00edch 1 l\u00edt, lo\u1ea1i h\u00f3a ch\u1ea5t c\u00f4ng su\u1ea5t l\u1edbn n\u00e0y \u0111\u01b0\u1ee3c thi\u1ebft k\u1ebf d\u00e0nh cho nh\u1eefng ai \u0111\u00f2i h\u1ecfi \u0111\u1ed9 ch\u00ednh x\u00e1c v\u00e0 \u0111\u1ed9 tin c\u1eady trong quy tr\u00ecnh. Cho d\u00f9 b\u1ea1n \u0111ang ho\u1ea1t \u0111\u1ed9ng trong l\u0129nh v\u1ef1c s\u1ea3n xu\u1ea5t h\u00f3a ch\u1ea5t, nghi\u00ean c\u1ee9u trong ph\u00f2ng th\u00ed nghi\u1ec7m hay b\u1ea5t k\u1ef3 \u1ee9ng d\u1ee5ng n\u00e0o c\u1ea7n ch\u1ea5t oxy h\u00f3a m\u1ea1nh, <a href=\"https:\/\/caluaniemuelearus.com\/vi\/\">Caluanie Muelear Oxidize<\/a> l\u00e0 gi\u1ea3i ph\u00e1p l\u00fd t\u01b0\u1edfng c\u1ee7a b\u1ea1n.<\/p>\n<h3 style=\"text-align: center;\">T\u00ednh n\u0103ng &amp; L\u1ee3i \u00edch<\/h3>\n<p><b>Kh\u1ea3 n\u0103ng oxy h\u00f3a v\u01b0\u1ee3t tr\u1ed9i:<\/b><br \/>\nCaluanie Muelear Oxidize n\u1ed5i ti\u1ebfng v\u1edbi \u0111\u1eb7c t\u00ednh oxy h\u00f3a v\u01b0\u1ee3t tr\u1ed9i, cho ph\u00e9p t\u1ea1o \u0111i\u1ec1u ki\u1ec7n thu\u1eadn l\u1ee3i cho nhi\u1ec1u ph\u1ea3n \u1ee9ng h\u00f3a h\u1ecdc. \u0110i\u1ec1u n\u00e0y c\u00f3 ngh\u0129a l\u00e0 b\u1ea1n c\u00f3 th\u1ec3 \u0111\u1ea1t \u0111\u01b0\u1ee3c k\u1ebft qu\u1ea3 mong mu\u1ed1n nhanh ch\u00f3ng v\u00e0 hi\u1ec7u qu\u1ea3 h\u01a1n, ti\u1ebft ki\u1ec7m c\u1ea3 th\u1eddi gian v\u00e0 t\u00e0i nguy\u00ean.<\/p>\n<p><b>C\u00f4ng th\u1ee9c c\u00f3 \u0111\u1ed9 tinh khi\u1ebft cao:<\/b><br \/>\nS\u1ea3n ph\u1ea9m c\u1ee7a ch\u00fang t\u00f4i \u0111\u01b0\u1ee3c \u0111i\u1ec1u ch\u1ebf theo ti\u00eau chu\u1ea9n \u0111\u1ed9 tinh khi\u1ebft cao, \u0111\u1ea3m b\u1ea3o b\u1ea1n nh\u1eadn \u0111\u01b0\u1ee3c ch\u1ea5t oxy h\u00f3a \u0111\u1ed3ng nh\u1ea5t v\u00e0 \u0111\u00e1ng tin c\u1eady. \u0110\u1ed9 tinh khi\u1ebft n\u00e0y gi\u00fap c\u1ea3i thi\u1ec7n hi\u1ec7u su\u1ea5t \u1ee9ng d\u1ee5ng, gi\u1ea3m thi\u1ec3u nguy c\u01a1 nhi\u1ec5m b\u1ea9n.<\/p>\n<p><b>\u1ee8ng d\u1ee5ng \u0111a n\u0103ng:<\/b><br \/>\n<a href=\"https:\/\/caluanieoxidizeusa.com\/\">Caluanie Muelear Oxidize<\/a> Ph\u00f9 h\u1ee3p v\u1edbi nhi\u1ec1u ng\u00e0nh c\u00f4ng nghi\u1ec7p kh\u00e1c nhau, bao g\u1ed3m d\u01b0\u1ee3c ph\u1ea9m, khoa h\u1ecdc m\u00f4i tr\u01b0\u1eddng v\u00e0 ch\u1ebf bi\u1ebfn v\u1eadt li\u1ec7u. T\u00ednh linh ho\u1ea1t c\u1ee7a n\u00f3 cho ph\u00e9p b\u1ea1n t\u00edch h\u1ee3p li\u1ec1n m\u1ea1ch v\u00e0o c\u00e1c quy tr\u00ecnh hi\u1ec7n c\u00f3, n\u00e2ng cao n\u0103ng su\u1ea5t t\u1ed5ng th\u1ec3.<\/p>\n<p><b>D\u1ec5 d\u00e0ng x\u1eed l\u00fd v\u00e0 l\u01b0u tr\u1eef:<\/b><br \/>\n\u0110\u01b0\u1ee3c \u0111\u00f3ng g\u00f3i trong h\u1ed9p \u0111\u1ef1ng 1 l\u00edt ch\u1eafc ch\u1eafn, ch\u1ea5t oxy h\u00f3a n\u00e0y \u0111\u01b0\u1ee3c thi\u1ebft k\u1ebf \u0111\u1ec3 d\u1ec5 d\u00e0ng s\u1eed d\u1ee5ng v\u00e0 b\u1ea3o qu\u1ea3n. Bao b\u00ec ch\u1eafc ch\u1eafn \u0111\u1ea3m b\u1ea3o b\u1ea1n c\u00f3 th\u1ec3 b\u1ea3o qu\u1ea3n m\u00e0 kh\u00f4ng lo b\u1ecb r\u00f2 r\u1ec9 ho\u1eb7c ph\u00e2n h\u1ee7y.<\/p>\n<h3 style=\"text-align: center;\">C\u00e1ch th\u1ee9c ho\u1ea1t \u0111\u1ed9ng<\/h3>\n<p>Caluanie Muelear Oxidize ho\u1ea1t \u0111\u1ed9ng b\u1eb1ng c\u00e1ch cung c\u1ea5p oxy \u0111\u1ec3 th\u00fac \u0111\u1ea9y c\u00e1c ph\u1ea3n \u1ee9ng oxy h\u00f3a. Khi \u0111\u01b0\u1ee3c \u0111\u01b0a v\u00e0o ch\u1ea5t n\u1ec1n, n\u00f3 t\u01b0\u01a1ng t\u00e1c \u1edf c\u1ea5p \u0111\u1ed9 ph\u00e2n t\u1eed, ph\u00e1 v\u1ee1 c\u00e1c h\u1ee3p ch\u1ea5t ph\u1ee9c t\u1ea1p v\u00e0 t\u0103ng c\u01b0\u1eddng kh\u1ea3 n\u0103ng ph\u1ea3n \u1ee9ng. Qu\u00e1 tr\u00ecnh n\u00e0y r\u1ea5t quan tr\u1ecdng trong c\u00e1c \u1ee9ng d\u1ee5ng nh\u01b0 t\u1ed5ng h\u1ee3p h\u1eefu c\u01a1, n\u01a1i c\u1ea7n c\u00f3 qu\u00e1 tr\u00ecnh oxy h\u00f3a \u0111\u01b0\u1ee3c ki\u1ec3m so\u00e1t \u0111\u1ec3 \u0111\u1ea1t \u0111\u01b0\u1ee3c c\u00e1c chuy\u1ec3n \u0111\u1ed5i h\u00f3a h\u1ecdc c\u1ee5 th\u1ec3.<\/p>\n<h3 style=\"text-align: center;\">H\u00e3y h\u00e0nh \u0111\u1ed9ng ngay<\/h3>\n<p dir=\"auto\" data-pm-slice=\"1 1 []\">Kh\u00e1m ph\u00e1 Caluanie Muelear, m\u1ed9t ch\u1ea5t oxy h\u00f3a m\u1ea1nh m\u1ebd c\u00f3 s\u1eb5n trong chai 1 l\u00edt. Ho\u00e0n h\u1ea3o cho c\u00e1c \u1ee9ng d\u1ee5ng c\u00f4ng nghi\u1ec7p, c\u00f3 th\u1ec3 v\u1eadn chuy\u1ec3n \u0111\u1ebfn c\u00e1c qu\u1ed1c gia nh\u01b0 H\u00e0n Qu\u1ed1c, Kazakhstan, Vi\u1ec7t Nam v\u00e0 nhi\u1ec1u qu\u1ed1c gia kh\u00e1c. \u0110\u1eb7t h\u00e0ng ngay \u0111\u1ec3 c\u1ea3i thi\u1ec7n quy tr\u00ecnh c\u1ee7a b\u1ea1n. \u0110\u1eebng ch\u1ea5p nh\u1eadn nh\u1eefng ch\u1ea5t oxy h\u00f3a k\u00e9m ch\u1ea5t l\u01b0\u1ee3ng l\u00e0m \u1ea3nh h\u01b0\u1edfng \u0111\u1ebfn k\u1ebft qu\u1ea3. N\u00e2ng cao quy tr\u00ecnh h\u00f3a h\u1ecdc c\u1ee7a b\u1ea1n v\u1edbi Caluanie Muelear Oxidize 1 l\u00edt ngay h\u00f4m nay! Nh\u1ea5p v\u00e0o n\u00fat &quot;Th\u00eam v\u00e0o gi\u1ecf h\u00e0ng&quot; ngay b\u00e2y gi\u1edd v\u00e0 tr\u1ea3i nghi\u1ec7m s\u1ef1 kh\u00e1c bi\u1ec7t m\u00e0 ch\u1ea5t l\u01b0\u1ee3ng mang l\u1ea1i.<\/p>","protected":false},"excerpt":{"rendered":"<p><a href=\"https:\/\/caluaniemuelearus.com\/vi\/product\/caluanie-muelear-oxidize-1liter\/\">Mua Caluanie Muelear 1 l\u00edt<\/a><\/p>\n<ul>\n<li>\u0110\u01b0\u1ee3c l\u01b0u tr\u1eef trong chai 1 l\u00edt<\/li>\n<li>Ch\u1ea5t oxy h\u00f3a t\u1ed1t nh\u1ea5t<\/li>\n<li>T\u00e0u tr\u00ean to\u00e0n th\u1ebf gi\u1edbi<\/li>\n<\/ul>","protected":false},"featured_media":977,"comment_status":"open","ping_status":"closed","template":"","meta":{"_et_pb_use_builder":"","_et_pb_old_content":"","_et_gb_content_width":""},"product_brand":[],"product_cat":[23],"product_tag":[],"class_list":{"0":"post-1010","1":"product","2":"type-product","3":"status-publish","4":"has-post-thumbnail","6":"product_cat-heavy-water","8":"first","9":"instock","10":"sale","11":"shipping-taxable","12":"purchasable","13":"product-type-simple"},"yoast_head":"<!-- This site is optimized with the Yoast SEO Premium plugin v23.9 (Yoast SEO v27.4) - https:\/\/yoast.com\/product\/yoast-seo-premium-wordpress\/ -->\n<title>Buy Caluanie Muelear Oxidize 1 Liter | High Purity Chemical<\/title>\n<meta name=\"description\" content=\"\u10d0\u10e6\u10db\u10dd\u10d0\u10e9\u10d8\u10dc\u10d4\u10d7 Caluanie Muelear Oxidize 1 \u10da\u10d8\u10e2\u10e0\u10d8 \u2014 \u10db\u10d0\u10e6\u10d0\u10da\u10d8 \u10ee\u10d0\u10e0\u10d8\u10e1\u10ee\u10d8\u10e1 \u10df\u10d0\u10dc\u10d2\u10d5\u10d8\u10e1 \u10d0\u10d2\u10d4\u10dc\u10e2\u10d8 \u10e1\u10d0\u10db\u10e0\u10d4\u10ec\u10d5\u10d4\u10da\u10dd \u10d3\u10d0 \u10da\u10d0\u10d1\u10dd\u10e0\u10d0\u10e2\u10dd\u10e0\u10d8\u10e3\u10da\u10d8 \u10d2\u10d0\u10db\u10dd\u10e7\u10d4\u10dc\u10d4\u10d1\u10d8\u10e1\u10d7\u10d5\u10d8\u10e1, \u10ee\u10d4\u10da\u10db\u10d8\u10e1\u10d0\u10ec\u10d5\u10d3\u10dd\u10db\u10d8 \u10db\u10e1\u10dd\u10e4\u10da\u10d8\u10dd\u10e1 \u10db\u10d0\u10e1\u10e8\u10e2\u10d0\u10d1\u10d8\u10d7.\" \/>\n<meta name=\"robots\" content=\"index, follow, max-snippet:-1, max-image-preview:large, max-video-preview:-1\" \/>\n<link rel=\"canonical\" href=\"https:\/\/caluaniemuelearus.com\/vi\/product\/caluanie-muelear-oxidize-1liter\/\" \/>\n<meta property=\"og:locale\" content=\"vi_VN\" \/>\n<meta property=\"og:type\" content=\"article\" \/>\n<meta property=\"og:title\" content=\"Caluanie Muelear Oxidize 1Liter\" \/>\n<meta property=\"og:description\" content=\"\u10d0\u10e6\u10db\u10dd\u10d0\u10e9\u10d8\u10dc\u10d4\u10d7 Caluanie Muelear Oxidize 1 \u10da\u10d8\u10e2\u10e0\u10d8 \u2014 \u10db\u10d0\u10e6\u10d0\u10da\u10d8 \u10ee\u10d0\u10e0\u10d8\u10e1\u10ee\u10d8\u10e1 \u10df\u10d0\u10dc\u10d2\u10d5\u10d8\u10e1 \u10d0\u10d2\u10d4\u10dc\u10e2\u10d8 \u10e1\u10d0\u10db\u10e0\u10d4\u10ec\u10d5\u10d4\u10da\u10dd \u10d3\u10d0 \u10da\u10d0\u10d1\u10dd\u10e0\u10d0\u10e2\u10dd\u10e0\u10d8\u10e3\u10da\u10d8 \u10d2\u10d0\u10db\u10dd\u10e7\u10d4\u10dc\u10d4\u10d1\u10d8\u10e1\u10d7\u10d5\u10d8\u10e1, \u10ee\u10d4\u10da\u10db\u10d8\u10e1\u10d0\u10ec\u10d5\u10d3\u10dd\u10db\u10d8 \u10db\u10e1\u10dd\u10e4\u10da\u10d8\u10dd\u10e1 \u10db\u10d0\u10e1\u10e8\u10e2\u10d0\u10d1\u10d8\u10d7.\" \/>\n<meta property=\"og:url\" content=\"https:\/\/caluaniemuelearus.com\/vi\/product\/caluanie-muelear-oxidize-1liter\/\" \/>\n<meta property=\"og:site_name\" content=\"Caluanie Muelear USA\" \/>\n<meta property=\"article:modified_time\" content=\"2026-03-26T22:02:53+00:00\" \/>\n<meta property=\"og:image\" content=\"https:\/\/caluaniemuelearus.com\/wp-content\/uploads\/2024\/11\/Caluanie-Muelear-US-1Liter.webp\" \/>\n\t<meta property=\"og:image:width\" content=\"1500\" \/>\n\t<meta property=\"og:image:height\" content=\"1500\" \/>\n\t<meta property=\"og:image:type\" content=\"image\/webp\" \/>\n<meta name=\"twitter:card\" content=\"summary_large_image\" \/>\n<meta name=\"twitter:label1\" content=\"\u01af\u1edbc t\u00ednh th\u1eddi gian \u0111\u1ecdc\" \/>\n\t<meta name=\"twitter:data1\" content=\"2 ph\u00fat\" \/>\n<script type=\"application\/ld+json\" class=\"yoast-schema-graph\">{\"@context\":\"https:\\\/\\\/schema.org\",\"@graph\":[{\"@type\":\"WebPage\",\"@id\":\"https:\\\/\\\/caluaniemuelearus.com\\\/product\\\/caluanie-muelear-oxidize-1liter\\\/\",\"url\":\"https:\\\/\\\/caluaniemuelearus.com\\\/product\\\/caluanie-muelear-oxidize-1liter\\\/\",\"name\":\"Buy Caluanie Muelear Oxidize 1 Liter | High Purity Chemical\",\"isPartOf\":{\"@id\":\"https:\\\/\\\/caluaniemuelearus.com\\\/#website\"},\"primaryImageOfPage\":{\"@id\":\"https:\\\/\\\/caluaniemuelearus.com\\\/product\\\/caluanie-muelear-oxidize-1liter\\\/#primaryimage\"},\"image\":{\"@id\":\"https:\\\/\\\/caluaniemuelearus.com\\\/product\\\/caluanie-muelear-oxidize-1liter\\\/#primaryimage\"},\"thumbnailUrl\":\"https:\\\/\\\/caluaniemuelearus.com\\\/wp-content\\\/uploads\\\/2024\\\/11\\\/Caluanie-Muelear-US-1Liter.webp\",\"datePublished\":\"2024-11-28T01:01:32+00:00\",\"dateModified\":\"2026-03-26T22:02:53+00:00\",\"description\":\"\u10d0\u10e6\u10db\u10dd\u10d0\u10e9\u10d8\u10dc\u10d4\u10d7 Caluanie Muelear Oxidize 1 \u10da\u10d8\u10e2\u10e0\u10d8 \u2014 \u10db\u10d0\u10e6\u10d0\u10da\u10d8 \u10ee\u10d0\u10e0\u10d8\u10e1\u10ee\u10d8\u10e1 \u10df\u10d0\u10dc\u10d2\u10d5\u10d8\u10e1 \u10d0\u10d2\u10d4\u10dc\u10e2\u10d8 \u10e1\u10d0\u10db\u10e0\u10d4\u10ec\u10d5\u10d4\u10da\u10dd \u10d3\u10d0 \u10da\u10d0\u10d1\u10dd\u10e0\u10d0\u10e2\u10dd\u10e0\u10d8\u10e3\u10da\u10d8 \u10d2\u10d0\u10db\u10dd\u10e7\u10d4\u10dc\u10d4\u10d1\u10d8\u10e1\u10d7\u10d5\u10d8\u10e1, \u10ee\u10d4\u10da\u10db\u10d8\u10e1\u10d0\u10ec\u10d5\u10d3\u10dd\u10db\u10d8 \u10db\u10e1\u10dd\u10e4\u10da\u10d8\u10dd\u10e1 \u10db\u10d0\u10e1\u10e8\u10e2\u10d0\u10d1\u10d8\u10d7.\",\"breadcrumb\":{\"@id\":\"https:\\\/\\\/caluaniemuelearus.com\\\/product\\\/caluanie-muelear-oxidize-1liter\\\/#breadcrumb\"},\"inLanguage\":\"vi\",\"potentialAction\":[{\"@type\":\"ReadAction\",\"target\":[\"https:\\\/\\\/caluaniemuelearus.com\\\/product\\\/caluanie-muelear-oxidize-1liter\\\/\"]}]},{\"@type\":\"ImageObject\",\"inLanguage\":\"vi\",\"@id\":\"https:\\\/\\\/caluaniemuelearus.com\\\/product\\\/caluanie-muelear-oxidize-1liter\\\/#primaryimage\",\"url\":\"https:\\\/\\\/caluaniemuelearus.com\\\/wp-content\\\/uploads\\\/2024\\\/11\\\/Caluanie-Muelear-US-1Liter.webp\",\"contentUrl\":\"https:\\\/\\\/caluaniemuelearus.com\\\/wp-content\\\/uploads\\\/2024\\\/11\\\/Caluanie-Muelear-US-1Liter.webp\",\"width\":1500,\"height\":1500,\"caption\":\"Caluanie Muelear Oxidize 1liter\"},{\"@type\":\"BreadcrumbList\",\"@id\":\"https:\\\/\\\/caluaniemuelearus.com\\\/product\\\/caluanie-muelear-oxidize-1liter\\\/#breadcrumb\",\"itemListElement\":[{\"@type\":\"ListItem\",\"position\":1,\"name\":\"Home\",\"item\":\"https:\\\/\\\/caluaniemuelearus.com\\\/\"},{\"@type\":\"ListItem\",\"position\":2,\"name\":\"Products\",\"item\":\"https:\\\/\\\/caluaniemuelearus.com\\\/shop\\\/\"},{\"@type\":\"ListItem\",\"position\":3,\"name\":\"Caluanie Muelear Oxidize 1Liter\"}]},{\"@type\":\"WebSite\",\"@id\":\"https:\\\/\\\/caluaniemuelearus.com\\\/#website\",\"url\":\"https:\\\/\\\/caluaniemuelearus.com\\\/\",\"name\":\"Caluanie Muelear USA\",\"description\":\"Buy Caluanie Muelear Oxidize\",\"publisher\":{\"@id\":\"https:\\\/\\\/caluaniemuelearus.com\\\/#organization\"},\"potentialAction\":[{\"@type\":\"SearchAction\",\"target\":{\"@type\":\"EntryPoint\",\"urlTemplate\":\"https:\\\/\\\/caluaniemuelearus.com\\\/?s={search_term_string}\"},\"query-input\":{\"@type\":\"PropertyValueSpecification\",\"valueRequired\":true,\"valueName\":\"search_term_string\"}}],\"inLanguage\":\"vi\"},{\"@type\":\"Organization\",\"@id\":\"https:\\\/\\\/caluaniemuelearus.com\\\/#organization\",\"name\":\"Caluanie Muelear USA\",\"url\":\"https:\\\/\\\/caluaniemuelearus.com\\\/\",\"logo\":{\"@type\":\"ImageObject\",\"inLanguage\":\"vi\",\"@id\":\"https:\\\/\\\/caluaniemuelearus.com\\\/#\\\/schema\\\/logo\\\/image\\\/\",\"url\":\"https:\\\/\\\/caluaniemuelearus.com\\\/wp-content\\\/uploads\\\/2024\\\/11\\\/Pixel-technology-logo-designs-template.webp\",\"contentUrl\":\"https:\\\/\\\/caluaniemuelearus.com\\\/wp-content\\\/uploads\\\/2024\\\/11\\\/Pixel-technology-logo-designs-template.webp\",\"width\":500,\"height\":500,\"caption\":\"Caluanie Muelear USA\"},\"image\":{\"@id\":\"https:\\\/\\\/caluaniemuelearus.com\\\/#\\\/schema\\\/logo\\\/image\\\/\"}}]}<\/script>\n<!-- \/ Yoast SEO Premium plugin. -->","yoast_head_json":{"title":"Buy Caluanie Muelear Oxidize 1 Liter | High Purity Chemical","description":"\u10d0\u10e6\u10db\u10dd\u10d0\u10e9\u10d8\u10dc\u10d4\u10d7 Caluanie Muelear Oxidize 1 \u10da\u10d8\u10e2\u10e0\u10d8 \u2014 \u10db\u10d0\u10e6\u10d0\u10da\u10d8 \u10ee\u10d0\u10e0\u10d8\u10e1\u10ee\u10d8\u10e1 \u10df\u10d0\u10dc\u10d2\u10d5\u10d8\u10e1 \u10d0\u10d2\u10d4\u10dc\u10e2\u10d8 \u10e1\u10d0\u10db\u10e0\u10d4\u10ec\u10d5\u10d4\u10da\u10dd \u10d3\u10d0 \u10da\u10d0\u10d1\u10dd\u10e0\u10d0\u10e2\u10dd\u10e0\u10d8\u10e3\u10da\u10d8 \u10d2\u10d0\u10db\u10dd\u10e7\u10d4\u10dc\u10d4\u10d1\u10d8\u10e1\u10d7\u10d5\u10d8\u10e1, \u10ee\u10d4\u10da\u10db\u10d8\u10e1\u10d0\u10ec\u10d5\u10d3\u10dd\u10db\u10d8 \u10db\u10e1\u10dd\u10e4\u10da\u10d8\u10dd\u10e1 \u10db\u10d0\u10e1\u10e8\u10e2\u10d0\u10d1\u10d8\u10d7.","robots":{"index":"index","follow":"follow","max-snippet":"max-snippet:-1","max-image-preview":"max-image-preview:large","max-video-preview":"max-video-preview:-1"},"canonical":"https:\/\/caluaniemuelearus.com\/vi\/product\/caluanie-muelear-oxidize-1liter\/","og_locale":"vi_VN","og_type":"article","og_title":"Caluanie Muelear Oxidize 1Liter","og_description":"\u10d0\u10e6\u10db\u10dd\u10d0\u10e9\u10d8\u10dc\u10d4\u10d7 Caluanie Muelear Oxidize 1 \u10da\u10d8\u10e2\u10e0\u10d8 \u2014 \u10db\u10d0\u10e6\u10d0\u10da\u10d8 \u10ee\u10d0\u10e0\u10d8\u10e1\u10ee\u10d8\u10e1 \u10df\u10d0\u10dc\u10d2\u10d5\u10d8\u10e1 \u10d0\u10d2\u10d4\u10dc\u10e2\u10d8 \u10e1\u10d0\u10db\u10e0\u10d4\u10ec\u10d5\u10d4\u10da\u10dd \u10d3\u10d0 \u10da\u10d0\u10d1\u10dd\u10e0\u10d0\u10e2\u10dd\u10e0\u10d8\u10e3\u10da\u10d8 \u10d2\u10d0\u10db\u10dd\u10e7\u10d4\u10dc\u10d4\u10d1\u10d8\u10e1\u10d7\u10d5\u10d8\u10e1, \u10ee\u10d4\u10da\u10db\u10d8\u10e1\u10d0\u10ec\u10d5\u10d3\u10dd\u10db\u10d8 \u10db\u10e1\u10dd\u10e4\u10da\u10d8\u10dd\u10e1 \u10db\u10d0\u10e1\u10e8\u10e2\u10d0\u10d1\u10d8\u10d7.","og_url":"https:\/\/caluaniemuelearus.com\/vi\/product\/caluanie-muelear-oxidize-1liter\/","og_site_name":"Caluanie Muelear USA","article_modified_time":"2026-03-26T22:02:53+00:00","og_image":[{"width":1500,"height":1500,"url":"https:\/\/caluaniemuelearus.com\/wp-content\/uploads\/2024\/11\/Caluanie-Muelear-US-1Liter.webp","type":"image\/webp"}],"twitter_card":"summary_large_image","twitter_misc":{"\u01af\u1edbc t\u00ednh th\u1eddi gian \u0111\u1ecdc":"2 ph\u00fat"},"schema":{"@context":"https:\/\/schema.org","@graph":[{"@type":"WebPage","@id":"https:\/\/caluaniemuelearus.com\/product\/caluanie-muelear-oxidize-1liter\/","url":"https:\/\/caluaniemuelearus.com\/product\/caluanie-muelear-oxidize-1liter\/","name":"Buy Caluanie Muelear Oxidize 1 Liter | High Purity Chemical","isPartOf":{"@id":"https:\/\/caluaniemuelearus.com\/#website"},"primaryImageOfPage":{"@id":"https:\/\/caluaniemuelearus.com\/product\/caluanie-muelear-oxidize-1liter\/#primaryimage"},"image":{"@id":"https:\/\/caluaniemuelearus.com\/product\/caluanie-muelear-oxidize-1liter\/#primaryimage"},"thumbnailUrl":"https:\/\/caluaniemuelearus.com\/wp-content\/uploads\/2024\/11\/Caluanie-Muelear-US-1Liter.webp","datePublished":"2024-11-28T01:01:32+00:00","dateModified":"2026-03-26T22:02:53+00:00","description":"\u10d0\u10e6\u10db\u10dd\u10d0\u10e9\u10d8\u10dc\u10d4\u10d7 Caluanie Muelear Oxidize 1 \u10da\u10d8\u10e2\u10e0\u10d8 \u2014 \u10db\u10d0\u10e6\u10d0\u10da\u10d8 \u10ee\u10d0\u10e0\u10d8\u10e1\u10ee\u10d8\u10e1 \u10df\u10d0\u10dc\u10d2\u10d5\u10d8\u10e1 \u10d0\u10d2\u10d4\u10dc\u10e2\u10d8 \u10e1\u10d0\u10db\u10e0\u10d4\u10ec\u10d5\u10d4\u10da\u10dd \u10d3\u10d0 \u10da\u10d0\u10d1\u10dd\u10e0\u10d0\u10e2\u10dd\u10e0\u10d8\u10e3\u10da\u10d8 \u10d2\u10d0\u10db\u10dd\u10e7\u10d4\u10dc\u10d4\u10d1\u10d8\u10e1\u10d7\u10d5\u10d8\u10e1, \u10ee\u10d4\u10da\u10db\u10d8\u10e1\u10d0\u10ec\u10d5\u10d3\u10dd\u10db\u10d8 \u10db\u10e1\u10dd\u10e4\u10da\u10d8\u10dd\u10e1 \u10db\u10d0\u10e1\u10e8\u10e2\u10d0\u10d1\u10d8\u10d7.","breadcrumb":{"@id":"https:\/\/caluaniemuelearus.com\/product\/caluanie-muelear-oxidize-1liter\/#breadcrumb"},"inLanguage":"vi","potentialAction":[{"@type":"ReadAction","target":["https:\/\/caluaniemuelearus.com\/product\/caluanie-muelear-oxidize-1liter\/"]}]},{"@type":"ImageObject","inLanguage":"vi","@id":"https:\/\/caluaniemuelearus.com\/product\/caluanie-muelear-oxidize-1liter\/#primaryimage","url":"https:\/\/caluaniemuelearus.com\/wp-content\/uploads\/2024\/11\/Caluanie-Muelear-US-1Liter.webp","contentUrl":"https:\/\/caluaniemuelearus.com\/wp-content\/uploads\/2024\/11\/Caluanie-Muelear-US-1Liter.webp","width":1500,"height":1500,"caption":"Caluanie Muelear Oxidize 1liter"},{"@type":"BreadcrumbList","@id":"https:\/\/caluaniemuelearus.com\/product\/caluanie-muelear-oxidize-1liter\/#breadcrumb","itemListElement":[{"@type":"ListItem","position":1,"name":"Home","item":"https:\/\/caluaniemuelearus.com\/"},{"@type":"ListItem","position":2,"name":"Products","item":"https:\/\/caluaniemuelearus.com\/shop\/"},{"@type":"ListItem","position":3,"name":"Caluanie Muelear Oxidize 1Liter"}]},{"@type":"WebSite","@id":"https:\/\/caluaniemuelearus.com\/#website","url":"https:\/\/caluaniemuelearus.com\/","name":"Caluanie Muelear Hoa K\u1ef3","description":"Mua Caluanie Muelear Oxidize","publisher":{"@id":"https:\/\/caluaniemuelearus.com\/#organization"},"potentialAction":[{"@type":"SearchAction","target":{"@type":"EntryPoint","urlTemplate":"https:\/\/caluaniemuelearus.com\/?s={search_term_string}"},"query-input":{"@type":"PropertyValueSpecification","valueRequired":true,"valueName":"search_term_string"}}],"inLanguage":"vi"},{"@type":"Organization","@id":"https:\/\/caluaniemuelearus.com\/#organization","name":"Caluanie Muelear Hoa K\u1ef3","url":"https:\/\/caluaniemuelearus.com\/","logo":{"@type":"ImageObject","inLanguage":"vi","@id":"https:\/\/caluaniemuelearus.com\/#\/schema\/logo\/image\/","url":"https:\/\/caluaniemuelearus.com\/wp-content\/uploads\/2024\/11\/Pixel-technology-logo-designs-template.webp","contentUrl":"https:\/\/caluaniemuelearus.com\/wp-content\/uploads\/2024\/11\/Pixel-technology-logo-designs-template.webp","width":500,"height":500,"caption":"Caluanie Muelear USA"},"image":{"@id":"https:\/\/caluaniemuelearus.com\/#\/schema\/logo\/image\/"}}]}},"_links":{"self":[{"href":"https:\/\/caluaniemuelearus.com\/vi\/wp-json\/wp\/v2\/product\/1010","targetHints":{"allow":["GET"]}}],"collection":[{"href":"https:\/\/caluaniemuelearus.com\/vi\/wp-json\/wp\/v2\/product"}],"about":[{"href":"https:\/\/caluaniemuelearus.com\/vi\/wp-json\/wp\/v2\/types\/product"}],"replies":[{"embeddable":true,"href":"https:\/\/caluaniemuelearus.com\/vi\/wp-json\/wp\/v2\/comments?post=1010"}],"wp:featuredmedia":[{"embeddable":true,"href":"https:\/\/caluaniemuelearus.com\/vi\/wp-json\/wp\/v2\/media\/977"}],"wp:attachment":[{"href":"https:\/\/caluaniemuelearus.com\/vi\/wp-json\/wp\/v2\/media?parent=1010"}],"wp:term":[{"taxonomy":"product_brand","embeddable":true,"href":"https:\/\/caluaniemuelearus.com\/vi\/wp-json\/wp\/v2\/product_brand?post=1010"},{"taxonomy":"product_cat","embeddable":true,"href":"https:\/\/caluaniemuelearus.com\/vi\/wp-json\/wp\/v2\/product_cat?post=1010"},{"taxonomy":"product_tag","embeddable":true,"href":"https:\/\/caluaniemuelearus.com\/vi\/wp-json\/wp\/v2\/product_tag?post=1010"}],"curies":[{"name":"wp","href":"https:\/\/api.w.org\/{rel}","templated":true}]}}