{"id":1011,"date":"2024-11-28T01:28:02","date_gmt":"2024-11-28T01:28:02","guid":{"rendered":"https:\/\/caluaniemuelearus.com\/?post_type=product&#038;p=1011"},"modified":"2026-04-27T19:07:57","modified_gmt":"2026-04-27T19:07:57","slug":"caluanie-muelear-1-5-liter","status":"publish","type":"product","link":"https:\/\/caluaniemuelearus.com\/vi\/product\/caluanie-muelear-1-5-liter\/","title":{"rendered":"Caluanie Muelear 1.5 L\u00edt"},"content":{"rendered":"<p>Kh\u00e1m ph\u00e1 kh\u1ea3 n\u0103ng v\u01b0\u1ee3t tr\u1ed9i c\u1ee7a Caluanie Muelear 1.5 L\u00edt, ch\u1ea5t oxy h\u00f3a h\u00e0ng \u0111\u1ea7u \u0111\u01b0\u1ee3c thi\u1ebft k\u1ebf cho v\u00f4 s\u1ed1 \u1ee9ng d\u1ee5ng c\u00f4ng nghi\u1ec7p. C\u00f3 s\u1eb5n trong b\u00ecnh ch\u1ee9a dung t\u00edch 1.5 l\u00edt r\u1ed9ng r\u00e3i, dung d\u1ecbch h\u00f3a ch\u1ea5t m\u1ea1nh m\u1ebd n\u00e0y \u0111\u01b0\u1ee3c thi\u1ebft k\u1ebf \u0111\u1ec3 \u0111\u00e1p \u1ee9ng nhu c\u1ea7u kh\u1eaft khe c\u1ee7a c\u1ea3 chuy\u00ean gia v\u00e0 ng\u01b0\u1eddi d\u00f9ng \u0111am m\u00ea. D\u00f9 b\u1ea1n \u0111ang ho\u1ea1t \u0111\u1ed9ng trong l\u0129nh v\u1ef1c s\u1ea3n xu\u1ea5t, x\u1eed l\u00fd h\u00f3a ch\u1ea5t hay nghi\u00ean c\u1ee9u, Caluanie Muelear Oxidation n\u1ed5i b\u1eadt l\u00e0 l\u1ef1a ch\u1ecdn \u0111\u00e1ng tin c\u1eady \u0111\u1ec3 n\u00e2ng cao hi\u1ec7u qu\u1ea3 v\u00e0 \u0111\u1ea1t \u0111\u01b0\u1ee3c k\u1ebft qu\u1ea3 v\u01b0\u1ee3t tr\u1ed9i.<\/p>\n<h3>T\u00ednh n\u0103ng &amp; L\u1ee3i \u00edch<\/h3>\n<p>&#8211; <b>Th\u00e0nh ph\u1ea7n c\u00f3 \u0111\u1ed9 tinh khi\u1ebft cao<\/b> Caluanie Muelear Oxidize \u0111\u01b0\u1ee3c \u0111i\u1ec1u ch\u1ebf theo ti\u00eau chu\u1ea9n \u0111\u1ed9 tinh khi\u1ebft cao, \u0111\u1ea3m b\u1ea3o gi\u1ea3m thi\u1ec3u t\u1ea1p ch\u1ea5t c\u00f3 th\u1ec3 \u1ea3nh h\u01b0\u1edfng \u0111\u1ebfn quy tr\u00ecnh c\u1ee7a b\u1ea1n. \u0110i\u1ec1u n\u00e0y \u0111\u1ea3m b\u1ea3o hi\u1ec7u su\u1ea5t \u1ed5n \u0111\u1ecbnh v\u00e0 k\u1ebft qu\u1ea3 \u0111\u00e1ng tin c\u1eady trong c\u00e1c \u1ee9ng d\u1ee5ng c\u1ee7a b\u1ea1n.<\/p>\n<p>&#8211; <b>\u1ee8ng d\u1ee5ng \u0111a n\u0103ng<\/b> Ch\u1ea5t oxy h\u00f3a n\u00e0y ph\u00f9 h\u1ee3p cho nhi\u1ec1u m\u1ee5c \u0111\u00edch s\u1eed d\u1ee5ng, t\u1eeb t\u1ed5ng h\u1ee3p h\u00f3a h\u1ecdc \u0111\u1ebfn l\u00e0m s\u1ea1ch c\u00f4ng nghi\u1ec7p. T\u00ednh linh ho\u1ea1t c\u1ee7a n\u00f3 cho ph\u00e9p b\u1ea1n tinh gi\u1ea3n quy tr\u00ecnh v\u00e0 gi\u1ea3m nhu c\u1ea7u s\u1eed d\u1ee5ng nhi\u1ec1u s\u1ea3n ph\u1ea9m.<\/p>\n<p>&#8211; <b>Bao b\u00ec th\u00e2n thi\u1ec7n v\u1edbi ng\u01b0\u1eddi d\u00f9ng<\/b> B\u00ecnh ch\u1ee9a 1,5 l\u00edt \u0111\u01b0\u1ee3c thi\u1ebft k\u1ebf \u0111\u1ec3 d\u1ec5 d\u00e0ng c\u1ea7m n\u1eafm v\u00e0 b\u1ea3o qu\u1ea3n, thu\u1eadn ti\u1ec7n cho c\u1ea3 c\u00e1c d\u1ef1 \u00e1n quy m\u00f4 nh\u1ecf v\u00e0 l\u1edbn. N\u1eafp \u0111\u1eady ch\u1eafc ch\u1eafn gi\u00fap ng\u0103n ng\u1eeba tr\u00e0n \u0111\u1ed5 v\u00e0 nhi\u1ec5m b\u1ea9n, \u0111\u1ea3m b\u1ea3o an to\u00e0n khi s\u1eed d\u1ee5ng.<\/p>\n<p>&#8211; <b>Qu\u00e1 tr\u00ecnh oxy h\u00f3a t\u0103ng c\u01b0\u1eddng<\/b> Caluanie Muelear 1,5 l\u00edt t\u0103ng t\u1ed1c ph\u1ea3n \u1ee9ng oxy h\u00f3a, gi\u00fap r\u00fat ng\u1eafn th\u1eddi gian x\u1eed l\u00fd v\u00e0 n\u00e2ng cao hi\u1ec7u qu\u1ea3. T\u00ednh n\u0103ng n\u00e0y \u0111\u1eb7c bi\u1ec7t h\u1eefu \u00edch trong c\u00e1c d\u1ef1 \u00e1n g\u1ea5p r\u00fat v\u1ec1 th\u1eddi gian, cho ph\u00e9p b\u1ea1n \u0111\u00e1p \u1ee9ng \u0111\u00fang h\u1ea1n m\u00e0 kh\u00f4ng \u1ea3nh h\u01b0\u1edfng \u0111\u1ebfn ch\u1ea5t l\u01b0\u1ee3ng.<\/p>\n<h3>N\u00f3 ho\u1ea1t \u0111\u1ed9ng nh\u01b0 th\u1ebf n\u00e0o<\/h3>\n<p>Caluanie Muelear 1,5 l\u00edt ho\u1ea1t \u0111\u1ed9ng nh\u01b0 m\u1ed9t ch\u1ea5t oxy h\u00f3a m\u1ea1nh, t\u1ea1o \u0111i\u1ec1u ki\u1ec7n thu\u1eadn l\u1ee3i cho nhi\u1ec1u ph\u1ea3n \u1ee9ng h\u00f3a h\u1ecdc. Khi \u0111\u01b0\u1ee3c \u0111\u01b0a v\u00e0o h\u1ed7n h\u1ee3p ph\u1ea3n \u1ee9ng, n\u00f3 th\u00fac \u0111\u1ea9y qu\u00e1 tr\u00ecnh oxy h\u00f3a c\u00e1c h\u1ee3p ch\u1ea5t h\u1eefu c\u01a1, d\u1eabn \u0111\u1ebfn vi\u1ec7c ph\u00e2n h\u1ee7y c\u00e1c ch\u1ea5t ph\u1ee9c t\u1ea1p th\u00e0nh c\u00e1c d\u1ea1ng \u0111\u01a1n gi\u1ea3n h\u01a1n, d\u1ec5 qu\u1ea3n l\u00fd h\u01a1n. Qu\u00e1 tr\u00ecnh n\u00e0y kh\u00f4ng ch\u1ec9 n\u00e2ng cao hi\u1ec7u qu\u1ea3 c\u1ee7a c\u00e1c ph\u1ea3n \u1ee9ng h\u00f3a h\u1ecdc m\u00e0 c\u00f2n c\u1ea3i thi\u1ec7n n\u0103ng su\u1ea5t t\u1ed5ng th\u1ec3 c\u1ee7a d\u1ef1 \u00e1n.<\/p>\n<h3>H\u00e3y h\u00e0nh \u0111\u1ed9ng ngay h\u00f4m nay!<\/h3>\n<p dir=\"auto\" data-pm-slice=\"1 1 []\">Kh\u00e1m ph\u00e1 Caluanie Muelear, ng\u01b0\u1eddi ph\u1ee5 n\u1eef quy\u1ec1n l\u1ef1c <a href=\"https:\/\/caluanieoxidizeusa.com\/\">ch\u1ea5t oxy h\u00f3a<\/a> trong chai 1,5 l\u00edt ti\u1ec7n l\u1ee3i. N\u00e2ng cao quy tr\u00ecnh c\u00f4ng nghi\u1ec7p c\u1ee7a b\u1ea1n v\u1edbi Caluanie Muelear. \u0110\u1eebng b\u1ecf l\u1ee1 c\u01a1 h\u1ed9i n\u00e2ng cao hi\u1ec7u qu\u1ea3 v\u00e0 \u0111\u1ea1t \u0111\u01b0\u1ee3c k\u1ebft qu\u1ea3 v\u01b0\u1ee3t tr\u1ed9i. <b><a href=\"https:\/\/caluaniemuelearus.com\/vi\/\">Mua Caluanie Muelear<\/a> ngay b\u00e2y gi\u1edd v\u00e0 tr\u1ea3i nghi\u1ec7m s\u1ef1 kh\u00e1c bi\u1ec7t!<\/b><\/p>","protected":false},"excerpt":{"rendered":"<ul>\n<li>K\u00edch th\u01b0\u1edbc: 1,5 l\u00edt<\/li>\n<li>M\u1eadt \u0111\u1ed9: 1,86g\/cm3 &amp; 2,16g\/cm3<\/li>\n<li>M\u00e0u s\u1eafc: Trong su\u1ed1t<\/li>\n<\/ul>","protected":false},"featured_media":975,"comment_status":"open","ping_status":"closed","template":"","meta":{"_et_pb_use_builder":"","_et_pb_old_content":"","_et_gb_content_width":""},"product_brand":[],"product_cat":[23],"product_tag":[],"class_list":{"0":"post-1011","1":"product","2":"type-product","3":"status-publish","4":"has-post-thumbnail","6":"product_cat-heavy-water","8":"first","9":"instock","10":"sale","11":"shipping-taxable","12":"purchasable","13":"product-type-simple"},"yoast_head":"<!-- This site is optimized with the Yoast SEO Premium plugin v23.9 (Yoast SEO v27.4) - https:\/\/yoast.com\/product\/yoast-seo-premium-wordpress\/ -->\n<title>Buy Caluanie Muelear 1.5 Liter | High Purity Oxidizer<\/title>\n<meta name=\"description\" content=\"Caluanie Muelear 1.5\u5347\u662f\u4e00\u6b3e\u9ad8\u6027\u80fd\u5de5\u4e1a\u6c27\u5316\u5242\uff0c\u4e13\u4e3a\u5316\u5b66\u3001\u5236\u9020\u548c\u7814\u7a76\u9886\u57df\u8bbe\u8ba1\u3002\u5176\u9ad8\u7eaf\u5ea6\u914d\u65b9\u786e\u4fdd\u53cd\u5e94\u7a33\u5b9a\u9ad8\u6548\uff0c\u63d0\u5347\u5de5\u4e1a\u6d41\u7a0b\u8d28\u91cf\u4e0e\u901f\u5ea6\u3002\u91c7\u7528\u5b89\u5168\u8010\u7528\u5305\u88c5\uff0c\u4fbf\u4e8e\u8fd0\u8f93\u4e0e\u50a8\u5b58\uff0c\u662f\u4e13\u4e1a\u7528\u6237\u4fe1\u8d56\u7684\u7406\u60f3\u9009\u62e9\u3002\u7acb\u5373\u8d2d\u4e70\uff0c\u4f53\u9a8c\u5353\u8d8a\u54c1\u8d28\u3002\" \/>\n<meta name=\"robots\" content=\"index, follow, max-snippet:-1, max-image-preview:large, max-video-preview:-1\" \/>\n<link rel=\"canonical\" href=\"https:\/\/caluaniemuelearus.com\/vi\/product\/caluanie-muelear-1-5-liter\/\" \/>\n<meta property=\"og:locale\" content=\"vi_VN\" \/>\n<meta property=\"og:type\" content=\"article\" \/>\n<meta property=\"og:title\" content=\"Caluanie Muelear 1.5Liter\" \/>\n<meta property=\"og:description\" content=\"Caluanie Muelear 1.5\u5347\u662f\u4e00\u6b3e\u9ad8\u6027\u80fd\u5de5\u4e1a\u6c27\u5316\u5242\uff0c\u4e13\u4e3a\u5316\u5b66\u3001\u5236\u9020\u548c\u7814\u7a76\u9886\u57df\u8bbe\u8ba1\u3002\u5176\u9ad8\u7eaf\u5ea6\u914d\u65b9\u786e\u4fdd\u53cd\u5e94\u7a33\u5b9a\u9ad8\u6548\uff0c\u63d0\u5347\u5de5\u4e1a\u6d41\u7a0b\u8d28\u91cf\u4e0e\u901f\u5ea6\u3002\u91c7\u7528\u5b89\u5168\u8010\u7528\u5305\u88c5\uff0c\u4fbf\u4e8e\u8fd0\u8f93\u4e0e\u50a8\u5b58\uff0c\u662f\u4e13\u4e1a\u7528\u6237\u4fe1\u8d56\u7684\u7406\u60f3\u9009\u62e9\u3002\u7acb\u5373\u8d2d\u4e70\uff0c\u4f53\u9a8c\u5353\u8d8a\u54c1\u8d28\u3002\" \/>\n<meta property=\"og:url\" content=\"https:\/\/caluaniemuelearus.com\/vi\/product\/caluanie-muelear-1-5-liter\/\" \/>\n<meta property=\"og:site_name\" content=\"Caluanie Muelear USA\" \/>\n<meta property=\"article:modified_time\" content=\"2026-04-27T19:07:57+00:00\" \/>\n<meta property=\"og:image\" content=\"https:\/\/caluaniemuelearus.com\/wp-content\/uploads\/2024\/11\/Caluanie-Muelear-US-1.5Liters-.webp\" \/>\n\t<meta property=\"og:image:width\" content=\"1000\" \/>\n\t<meta property=\"og:image:height\" content=\"1000\" \/>\n\t<meta property=\"og:image:type\" content=\"image\/webp\" \/>\n<meta name=\"twitter:card\" content=\"summary_large_image\" \/>\n<meta name=\"twitter:label1\" content=\"\u01af\u1edbc t\u00ednh th\u1eddi gian \u0111\u1ecdc\" \/>\n\t<meta name=\"twitter:data1\" content=\"2 ph\u00fat\" \/>\n<script type=\"application\/ld+json\" class=\"yoast-schema-graph\">{\"@context\":\"https:\\\/\\\/schema.org\",\"@graph\":[{\"@type\":\"WebPage\",\"@id\":\"https:\\\/\\\/caluaniemuelearus.com\\\/product\\\/caluanie-muelear-1-5-liter\\\/\",\"url\":\"https:\\\/\\\/caluaniemuelearus.com\\\/product\\\/caluanie-muelear-1-5-liter\\\/\",\"name\":\"Buy Caluanie Muelear 1.5 Liter | High Purity Oxidizer\",\"isPartOf\":{\"@id\":\"https:\\\/\\\/caluaniemuelearus.com\\\/#website\"},\"primaryImageOfPage\":{\"@id\":\"https:\\\/\\\/caluaniemuelearus.com\\\/product\\\/caluanie-muelear-1-5-liter\\\/#primaryimage\"},\"image\":{\"@id\":\"https:\\\/\\\/caluaniemuelearus.com\\\/product\\\/caluanie-muelear-1-5-liter\\\/#primaryimage\"},\"thumbnailUrl\":\"https:\\\/\\\/caluaniemuelearus.com\\\/wp-content\\\/uploads\\\/2024\\\/11\\\/Caluanie-Muelear-US-1.5Liters-.webp\",\"datePublished\":\"2024-11-28T01:28:02+00:00\",\"dateModified\":\"2026-04-27T19:07:57+00:00\",\"description\":\"Caluanie Muelear 1.5\u5347\u662f\u4e00\u6b3e\u9ad8\u6027\u80fd\u5de5\u4e1a\u6c27\u5316\u5242\uff0c\u4e13\u4e3a\u5316\u5b66\u3001\u5236\u9020\u548c\u7814\u7a76\u9886\u57df\u8bbe\u8ba1\u3002\u5176\u9ad8\u7eaf\u5ea6\u914d\u65b9\u786e\u4fdd\u53cd\u5e94\u7a33\u5b9a\u9ad8\u6548\uff0c\u63d0\u5347\u5de5\u4e1a\u6d41\u7a0b\u8d28\u91cf\u4e0e\u901f\u5ea6\u3002\u91c7\u7528\u5b89\u5168\u8010\u7528\u5305\u88c5\uff0c\u4fbf\u4e8e\u8fd0\u8f93\u4e0e\u50a8\u5b58\uff0c\u662f\u4e13\u4e1a\u7528\u6237\u4fe1\u8d56\u7684\u7406\u60f3\u9009\u62e9\u3002\u7acb\u5373\u8d2d\u4e70\uff0c\u4f53\u9a8c\u5353\u8d8a\u54c1\u8d28\u3002\",\"breadcrumb\":{\"@id\":\"https:\\\/\\\/caluaniemuelearus.com\\\/product\\\/caluanie-muelear-1-5-liter\\\/#breadcrumb\"},\"inLanguage\":\"vi\",\"potentialAction\":[{\"@type\":\"ReadAction\",\"target\":[\"https:\\\/\\\/caluaniemuelearus.com\\\/product\\\/caluanie-muelear-1-5-liter\\\/\"]}]},{\"@type\":\"ImageObject\",\"inLanguage\":\"vi\",\"@id\":\"https:\\\/\\\/caluaniemuelearus.com\\\/product\\\/caluanie-muelear-1-5-liter\\\/#primaryimage\",\"url\":\"https:\\\/\\\/caluaniemuelearus.com\\\/wp-content\\\/uploads\\\/2024\\\/11\\\/Caluanie-Muelear-US-1.5Liters-.webp\",\"contentUrl\":\"https:\\\/\\\/caluaniemuelearus.com\\\/wp-content\\\/uploads\\\/2024\\\/11\\\/Caluanie-Muelear-US-1.5Liters-.webp\",\"width\":1000,\"height\":1000,\"caption\":\"Caluanie Muelear 1.5Liter\"},{\"@type\":\"BreadcrumbList\",\"@id\":\"https:\\\/\\\/caluaniemuelearus.com\\\/product\\\/caluanie-muelear-1-5-liter\\\/#breadcrumb\",\"itemListElement\":[{\"@type\":\"ListItem\",\"position\":1,\"name\":\"Home\",\"item\":\"https:\\\/\\\/caluaniemuelearus.com\\\/\"},{\"@type\":\"ListItem\",\"position\":2,\"name\":\"Products\",\"item\":\"https:\\\/\\\/caluaniemuelearus.com\\\/shop\\\/\"},{\"@type\":\"ListItem\",\"position\":3,\"name\":\"Caluanie Muelear 1.5Liter\"}]},{\"@type\":\"WebSite\",\"@id\":\"https:\\\/\\\/caluaniemuelearus.com\\\/#website\",\"url\":\"https:\\\/\\\/caluaniemuelearus.com\\\/\",\"name\":\"Caluanie Muelear USA\",\"description\":\"Buy Caluanie Muelear Oxidize\",\"publisher\":{\"@id\":\"https:\\\/\\\/caluaniemuelearus.com\\\/#organization\"},\"potentialAction\":[{\"@type\":\"SearchAction\",\"target\":{\"@type\":\"EntryPoint\",\"urlTemplate\":\"https:\\\/\\\/caluaniemuelearus.com\\\/?s={search_term_string}\"},\"query-input\":{\"@type\":\"PropertyValueSpecification\",\"valueRequired\":true,\"valueName\":\"search_term_string\"}}],\"inLanguage\":\"vi\"},{\"@type\":\"Organization\",\"@id\":\"https:\\\/\\\/caluaniemuelearus.com\\\/#organization\",\"name\":\"Caluanie Muelear USA\",\"url\":\"https:\\\/\\\/caluaniemuelearus.com\\\/\",\"logo\":{\"@type\":\"ImageObject\",\"inLanguage\":\"vi\",\"@id\":\"https:\\\/\\\/caluaniemuelearus.com\\\/#\\\/schema\\\/logo\\\/image\\\/\",\"url\":\"https:\\\/\\\/caluaniemuelearus.com\\\/wp-content\\\/uploads\\\/2024\\\/11\\\/Pixel-technology-logo-designs-template.webp\",\"contentUrl\":\"https:\\\/\\\/caluaniemuelearus.com\\\/wp-content\\\/uploads\\\/2024\\\/11\\\/Pixel-technology-logo-designs-template.webp\",\"width\":500,\"height\":500,\"caption\":\"Caluanie Muelear USA\"},\"image\":{\"@id\":\"https:\\\/\\\/caluaniemuelearus.com\\\/#\\\/schema\\\/logo\\\/image\\\/\"}}]}<\/script>\n<!-- \/ Yoast SEO Premium plugin. -->","yoast_head_json":{"title":"Buy Caluanie Muelear 1.5 Liter | High Purity Oxidizer","description":"Caluanie Muelear 1.5\u5347\u662f\u4e00\u6b3e\u9ad8\u6027\u80fd\u5de5\u4e1a\u6c27\u5316\u5242\uff0c\u4e13\u4e3a\u5316\u5b66\u3001\u5236\u9020\u548c\u7814\u7a76\u9886\u57df\u8bbe\u8ba1\u3002\u5176\u9ad8\u7eaf\u5ea6\u914d\u65b9\u786e\u4fdd\u53cd\u5e94\u7a33\u5b9a\u9ad8\u6548\uff0c\u63d0\u5347\u5de5\u4e1a\u6d41\u7a0b\u8d28\u91cf\u4e0e\u901f\u5ea6\u3002\u91c7\u7528\u5b89\u5168\u8010\u7528\u5305\u88c5\uff0c\u4fbf\u4e8e\u8fd0\u8f93\u4e0e\u50a8\u5b58\uff0c\u662f\u4e13\u4e1a\u7528\u6237\u4fe1\u8d56\u7684\u7406\u60f3\u9009\u62e9\u3002\u7acb\u5373\u8d2d\u4e70\uff0c\u4f53\u9a8c\u5353\u8d8a\u54c1\u8d28\u3002","robots":{"index":"index","follow":"follow","max-snippet":"max-snippet:-1","max-image-preview":"max-image-preview:large","max-video-preview":"max-video-preview:-1"},"canonical":"https:\/\/caluaniemuelearus.com\/vi\/product\/caluanie-muelear-1-5-liter\/","og_locale":"vi_VN","og_type":"article","og_title":"Caluanie Muelear 1.5Liter","og_description":"Caluanie Muelear 1.5\u5347\u662f\u4e00\u6b3e\u9ad8\u6027\u80fd\u5de5\u4e1a\u6c27\u5316\u5242\uff0c\u4e13\u4e3a\u5316\u5b66\u3001\u5236\u9020\u548c\u7814\u7a76\u9886\u57df\u8bbe\u8ba1\u3002\u5176\u9ad8\u7eaf\u5ea6\u914d\u65b9\u786e\u4fdd\u53cd\u5e94\u7a33\u5b9a\u9ad8\u6548\uff0c\u63d0\u5347\u5de5\u4e1a\u6d41\u7a0b\u8d28\u91cf\u4e0e\u901f\u5ea6\u3002\u91c7\u7528\u5b89\u5168\u8010\u7528\u5305\u88c5\uff0c\u4fbf\u4e8e\u8fd0\u8f93\u4e0e\u50a8\u5b58\uff0c\u662f\u4e13\u4e1a\u7528\u6237\u4fe1\u8d56\u7684\u7406\u60f3\u9009\u62e9\u3002\u7acb\u5373\u8d2d\u4e70\uff0c\u4f53\u9a8c\u5353\u8d8a\u54c1\u8d28\u3002","og_url":"https:\/\/caluaniemuelearus.com\/vi\/product\/caluanie-muelear-1-5-liter\/","og_site_name":"Caluanie Muelear USA","article_modified_time":"2026-04-27T19:07:57+00:00","og_image":[{"width":1000,"height":1000,"url":"https:\/\/caluaniemuelearus.com\/wp-content\/uploads\/2024\/11\/Caluanie-Muelear-US-1.5Liters-.webp","type":"image\/webp"}],"twitter_card":"summary_large_image","twitter_misc":{"\u01af\u1edbc t\u00ednh th\u1eddi gian \u0111\u1ecdc":"2 ph\u00fat"},"schema":{"@context":"https:\/\/schema.org","@graph":[{"@type":"WebPage","@id":"https:\/\/caluaniemuelearus.com\/product\/caluanie-muelear-1-5-liter\/","url":"https:\/\/caluaniemuelearus.com\/product\/caluanie-muelear-1-5-liter\/","name":"Buy Caluanie Muelear 1.5 Liter | High Purity Oxidizer","isPartOf":{"@id":"https:\/\/caluaniemuelearus.com\/#website"},"primaryImageOfPage":{"@id":"https:\/\/caluaniemuelearus.com\/product\/caluanie-muelear-1-5-liter\/#primaryimage"},"image":{"@id":"https:\/\/caluaniemuelearus.com\/product\/caluanie-muelear-1-5-liter\/#primaryimage"},"thumbnailUrl":"https:\/\/caluaniemuelearus.com\/wp-content\/uploads\/2024\/11\/Caluanie-Muelear-US-1.5Liters-.webp","datePublished":"2024-11-28T01:28:02+00:00","dateModified":"2026-04-27T19:07:57+00:00","description":"Caluanie Muelear 1.5\u5347\u662f\u4e00\u6b3e\u9ad8\u6027\u80fd\u5de5\u4e1a\u6c27\u5316\u5242\uff0c\u4e13\u4e3a\u5316\u5b66\u3001\u5236\u9020\u548c\u7814\u7a76\u9886\u57df\u8bbe\u8ba1\u3002\u5176\u9ad8\u7eaf\u5ea6\u914d\u65b9\u786e\u4fdd\u53cd\u5e94\u7a33\u5b9a\u9ad8\u6548\uff0c\u63d0\u5347\u5de5\u4e1a\u6d41\u7a0b\u8d28\u91cf\u4e0e\u901f\u5ea6\u3002\u91c7\u7528\u5b89\u5168\u8010\u7528\u5305\u88c5\uff0c\u4fbf\u4e8e\u8fd0\u8f93\u4e0e\u50a8\u5b58\uff0c\u662f\u4e13\u4e1a\u7528\u6237\u4fe1\u8d56\u7684\u7406\u60f3\u9009\u62e9\u3002\u7acb\u5373\u8d2d\u4e70\uff0c\u4f53\u9a8c\u5353\u8d8a\u54c1\u8d28\u3002","breadcrumb":{"@id":"https:\/\/caluaniemuelearus.com\/product\/caluanie-muelear-1-5-liter\/#breadcrumb"},"inLanguage":"vi","potentialAction":[{"@type":"ReadAction","target":["https:\/\/caluaniemuelearus.com\/product\/caluanie-muelear-1-5-liter\/"]}]},{"@type":"ImageObject","inLanguage":"vi","@id":"https:\/\/caluaniemuelearus.com\/product\/caluanie-muelear-1-5-liter\/#primaryimage","url":"https:\/\/caluaniemuelearus.com\/wp-content\/uploads\/2024\/11\/Caluanie-Muelear-US-1.5Liters-.webp","contentUrl":"https:\/\/caluaniemuelearus.com\/wp-content\/uploads\/2024\/11\/Caluanie-Muelear-US-1.5Liters-.webp","width":1000,"height":1000,"caption":"Caluanie Muelear 1.5Liter"},{"@type":"BreadcrumbList","@id":"https:\/\/caluaniemuelearus.com\/product\/caluanie-muelear-1-5-liter\/#breadcrumb","itemListElement":[{"@type":"ListItem","position":1,"name":"Home","item":"https:\/\/caluaniemuelearus.com\/"},{"@type":"ListItem","position":2,"name":"Products","item":"https:\/\/caluaniemuelearus.com\/shop\/"},{"@type":"ListItem","position":3,"name":"Caluanie Muelear 1.5Liter"}]},{"@type":"WebSite","@id":"https:\/\/caluaniemuelearus.com\/#website","url":"https:\/\/caluaniemuelearus.com\/","name":"Caluanie Muelear Hoa K\u1ef3","description":"Mua Caluanie Muelear Oxidize","publisher":{"@id":"https:\/\/caluaniemuelearus.com\/#organization"},"potentialAction":[{"@type":"SearchAction","target":{"@type":"EntryPoint","urlTemplate":"https:\/\/caluaniemuelearus.com\/?s={search_term_string}"},"query-input":{"@type":"PropertyValueSpecification","valueRequired":true,"valueName":"search_term_string"}}],"inLanguage":"vi"},{"@type":"Organization","@id":"https:\/\/caluaniemuelearus.com\/#organization","name":"Caluanie Muelear Hoa K\u1ef3","url":"https:\/\/caluaniemuelearus.com\/","logo":{"@type":"ImageObject","inLanguage":"vi","@id":"https:\/\/caluaniemuelearus.com\/#\/schema\/logo\/image\/","url":"https:\/\/caluaniemuelearus.com\/wp-content\/uploads\/2024\/11\/Pixel-technology-logo-designs-template.webp","contentUrl":"https:\/\/caluaniemuelearus.com\/wp-content\/uploads\/2024\/11\/Pixel-technology-logo-designs-template.webp","width":500,"height":500,"caption":"Caluanie Muelear USA"},"image":{"@id":"https:\/\/caluaniemuelearus.com\/#\/schema\/logo\/image\/"}}]}},"_links":{"self":[{"href":"https:\/\/caluaniemuelearus.com\/vi\/wp-json\/wp\/v2\/product\/1011","targetHints":{"allow":["GET"]}}],"collection":[{"href":"https:\/\/caluaniemuelearus.com\/vi\/wp-json\/wp\/v2\/product"}],"about":[{"href":"https:\/\/caluaniemuelearus.com\/vi\/wp-json\/wp\/v2\/types\/product"}],"replies":[{"embeddable":true,"href":"https:\/\/caluaniemuelearus.com\/vi\/wp-json\/wp\/v2\/comments?post=1011"}],"wp:featuredmedia":[{"embeddable":true,"href":"https:\/\/caluaniemuelearus.com\/vi\/wp-json\/wp\/v2\/media\/975"}],"wp:attachment":[{"href":"https:\/\/caluaniemuelearus.com\/vi\/wp-json\/wp\/v2\/media?parent=1011"}],"wp:term":[{"taxonomy":"product_brand","embeddable":true,"href":"https:\/\/caluaniemuelearus.com\/vi\/wp-json\/wp\/v2\/product_brand?post=1011"},{"taxonomy":"product_cat","embeddable":true,"href":"https:\/\/caluaniemuelearus.com\/vi\/wp-json\/wp\/v2\/product_cat?post=1011"},{"taxonomy":"product_tag","embeddable":true,"href":"https:\/\/caluaniemuelearus.com\/vi\/wp-json\/wp\/v2\/product_tag?post=1011"}],"curies":[{"name":"wp","href":"https:\/\/api.w.org\/{rel}","templated":true}]}}