{"id":1012,"date":"2024-11-28T01:52:43","date_gmt":"2024-11-28T01:52:43","guid":{"rendered":"https:\/\/caluaniemuelearus.com\/?post_type=product&#038;p=1012"},"modified":"2026-03-26T01:57:42","modified_gmt":"2026-03-26T01:57:42","slug":"caluanie-muelear-oxidizer-5liters","status":"publish","type":"product","link":"https:\/\/caluaniemuelearus.com\/vi\/product\/caluanie-muelear-oxidizer-5liters\/","title":{"rendered":"Caluanie Muelear Oxidize 5Liters"},"content":{"rendered":"<p>Gi\u1edbi thi\u1ec7u Caluanie Muelear Oxidize 5L, dung d\u1ecbch h\u00f3a ch\u1ea5t cao c\u1ea5p \u0111\u01b0\u1ee3c thi\u1ebft k\u1ebf d\u00e0nh cho nh\u1eefng ai y\u00eau c\u1ea7u hi\u1ec7u qu\u1ea3 v\u00e0 hi\u1ec7u su\u1ea5t cao trong c\u00e1c \u1ee9ng d\u1ee5ng c\u00f4ng nghi\u1ec7p. N\u1ed5i ti\u1ebfng v\u1edbi \u0111\u1eb7c t\u00ednh oxy h\u00f3a v\u01b0\u1ee3t tr\u1ed9i, Caluanie Muelear l\u00e0 l\u1ef1a ch\u1ecdn l\u00fd t\u01b0\u1edfng cho nhi\u1ec1u ph\u1ea3n \u1ee9ng h\u00f3a h\u1ecdc, bao g\u1ed3m chi\u1ebft xu\u1ea5t kim lo\u1ea1i qu\u00fd v\u00e0 t\u0103ng c\u01b0\u1eddng x\u1eed l\u00fd v\u1eadt li\u1ec7u. V\u1edbi dung t\u00edch 5 l\u00edt d\u1ed3i d\u00e0o, b\u1ea1n c\u00f3 th\u1ec3 ho\u00e0n th\u00e0nh d\u1ef1 \u00e1n m\u1ed9t c\u00e1ch t\u1ef1 tin v\u00e0 ch\u00ednh x\u00e1c.<\/p>\n<h3>T\u00ednh n\u0103ng &amp; L\u1ee3i \u00edch<\/h3>\n<p>&#8211; <b>C\u00f4ng th\u1ee9c c\u00f3 \u0111\u1ed9 tinh khi\u1ebft cao:<\/b>\u00a0Caluanie Muelear Oxidize t\u1ef1 h\u00e0o c\u00f3 \u0111\u1ed9 tinh khi\u1ebft cao, \u0111\u1ea3m b\u1ea3o hi\u1ec7u su\u1ea5t t\u1ed1i \u01b0u trong c\u00e1c quy tr\u00ecnh h\u00f3a h\u1ecdc c\u1ee7a b\u1ea1n. \u0110i\u1ec1u n\u00e0y \u0111\u1ed3ng ngh\u0129a v\u1edbi vi\u1ec7c \u00edt t\u1ea1p ch\u1ea5t h\u01a1n v\u00e0 k\u1ebft qu\u1ea3 \u0111\u00e1ng tin c\u1eady h\u01a1n trong c\u00e1c \u1ee9ng d\u1ee5ng c\u1ee7a b\u1ea1n.<\/p>\n<p>&#8211; <b>\u1ee8ng d\u1ee5ng \u0111a n\u0103ng:<\/b>\u00a0Dung d\u1ecbch h\u00f3a ch\u1ea5t n\u00e0y ph\u00f9 h\u1ee3p v\u1edbi nhi\u1ec1u m\u1ee5c \u0111\u00edch s\u1eed d\u1ee5ng, t\u1eeb luy\u1ec7n kim \u0111\u1ebfn t\u1ed5ng h\u1ee3p h\u00f3a h\u1ecdc. T\u00ednh linh ho\u1ea1t c\u1ee7a n\u00f3 cho ph\u00e9p b\u1ea1n \u0111\u01a1n gi\u1ea3n h\u00f3a quy tr\u00ecnh, tr\u1edf th\u00e0nh m\u1ed9t s\u1ef1 b\u1ed5 sung h\u1eefu \u00edch cho b\u1ea5t k\u1ef3 ph\u00f2ng th\u00ed nghi\u1ec7m ho\u1eb7c c\u01a1 s\u1edf c\u00f4ng nghi\u1ec7p n\u00e0o.<\/p>\n<p>&#8211; <b>Bao b\u00ec th\u00e2n thi\u1ec7n v\u1edbi ng\u01b0\u1eddi d\u00f9ng:<\/b>\u00a0B\u00ecnh ch\u1ee9a 5 l\u00edt \u0111\u01b0\u1ee3c thi\u1ebft k\u1ebf \u0111\u1ec3 d\u1ec5 d\u00e0ng v\u1eadn chuy\u1ec3n v\u00e0 b\u1ea3o qu\u1ea3n, mang l\u1ea1i s\u1ef1 ti\u1ec7n l\u1ee3i cho c\u1ea3 quy m\u00f4 nh\u1ecf v\u00e0 l\u1edbn. Bao b\u00ec \u0111\u1ea3m b\u1ea3o b\u1ea1n c\u00f3 th\u1ec3 ph\u00e2n ph\u1ed1i dung d\u1ecbch v\u1edbi l\u01b0\u1ee3ng ch\u1ea5t th\u1ea3i t\u1ed1i thi\u1ec3u v\u00e0 hi\u1ec7u qu\u1ea3 t\u1ed1i \u0111a.<\/p>\n<p>&#8211; <b>Th\u00e0nh ph\u1ea7n \u1ed5n \u0111\u1ecbnh:<\/b>\u00a0Caluanie Muelear Oxidize \u0111\u01b0\u1ee3c b\u00e0o ch\u1ebf \u0111\u1ec3 duy tr\u00ec hi\u1ec7u qu\u1ea3 theo th\u1eddi gian, gi\u1ea3m nhu c\u1ea7u thay th\u1ebf th\u01b0\u1eddng xuy\u00ean v\u00e0 \u0111\u1ea3m b\u1ea3o k\u1ebft qu\u1ea3 nh\u1ea5t qu\u00e1n trong quy tr\u00ecnh c\u1ee7a b\u1ea1n.<\/p>\n<h3>N\u00f3 ho\u1ea1t \u0111\u1ed9ng nh\u01b0 th\u1ebf n\u00e0o<\/h3>\n<p>Caluanie Muelear Oxidize ho\u1ea1t \u0111\u1ed9ng th\u00f4ng qua c\u01a1 ch\u1ebf oxy h\u00f3a m\u1ea1nh m\u1ebd, t\u1ea1o \u0111i\u1ec1u ki\u1ec7n thu\u1eadn l\u1ee3i cho nhi\u1ec1u ph\u1ea3n \u1ee9ng h\u00f3a h\u1ecdc kh\u00e1c nhau. Khi \u0111\u01b0\u1ee3c \u0111\u01b0a v\u00e0o m\u00f4i tr\u01b0\u1eddng mong mu\u1ed1n, n\u00f3 s\u1ebd ph\u1ea3n \u1ee9ng v\u1edbi c\u00e1c ch\u1ea5t kh\u00e1c \u0111\u1ec3 t\u0103ng c\u01b0\u1eddng t\u00ednh ch\u1ea5t c\u1ee7a ch\u00fang, d\u1eabn \u0111\u1ebfn n\u0103ng su\u1ea5t v\u00e0 hi\u1ec7u qu\u1ea3 \u0111\u01b0\u1ee3c c\u1ea3i thi\u1ec7n. Cho d\u00f9 b\u1ea1n \u0111ang chi\u1ebft xu\u1ea5t kim lo\u1ea1i hay ti\u1ebfn h\u00e0nh t\u1ed5ng h\u1ee3p, <a href=\"https:\/\/caluaniemuelearus.com\/vi\/\">Caluanie<\/a> ho\u1ea1t \u0111\u1ed9ng li\u1ec1n m\u1ea1ch \u0111\u1ec3 mang l\u1ea1i k\u1ebft qu\u1ea3 b\u1ea1n c\u1ea7n.<\/p>\n<h3>H\u00e3y h\u00e0nh \u0111\u1ed9ng ngay h\u00f4m nay!<\/h3>\n<p>\u0110\u1eebng b\u1ecf l\u1ee1 c\u01a1 h\u1ed9i n\u00e2ng cao quy tr\u00ecnh h\u00f3a h\u1ecdc c\u1ee7a b\u1ea1n v\u1edbi Caluanie Muelear Oxidize 5 L\u00edt. \u0110\u1eb7t h\u00e0ng ngay v\u00e0 tr\u1ea3i nghi\u1ec7m s\u1ef1 kh\u00e1c bi\u1ec7t m\u00e0 dung d\u1ecbch h\u00f3a ch\u1ea5t ch\u1ea5t l\u01b0\u1ee3ng cao mang l\u1ea1i cho c\u00f4ng vi\u1ec7c c\u1ee7a b\u1ea1n!<\/p>\n<h3>Caluanie \u1edf Trung Qu\u1ed1c<\/h3>\n<p>N\u01b0\u1edbc n\u1eb7ng, c\u00f2n \u0111\u01b0\u1ee3c g\u1ecdi l\u00e0 Caluanie Muelear, l\u00e0 m\u1ed9t h\u1ee3p ch\u1ea5t \u0111\u1ed9c \u0111\u00e1o \u0111\u01b0\u1ee3c s\u1eed d\u1ee5ng trong nhi\u1ec1u \u1ee9ng d\u1ee5ng khoa h\u1ecdc kh\u00e1c nhau. <a href=\"https:\/\/caluanieoxidizeusa.com\/\">5 l\u00edt Caluanie Muelear Oxidize<\/a> l\u00e0 l\u1ef1a ch\u1ecdn ho\u00e0n h\u1ea3o cho c\u00e1c nh\u00e0 nghi\u00ean c\u1ee9u v\u00e0 chuy\u00ean gia \u0111ang t\u00ecm ki\u1ebfm ngu\u1ed3n n\u01b0\u1edbc n\u1eb7ng ch\u1ea5t l\u01b0\u1ee3ng cao. Caluanie t\u1ea1i Trung Qu\u1ed1c c\u00f3 nhu c\u1ea7u cao, d\u1eabn \u0111\u1ebfn doanh s\u1ed1 b\u00e1n h\u00e0ng t\u0103ng v\u1ecdt t\u1ea1i Hoa K\u1ef3.<\/p>\n<h3>\u1ee8ng d\u1ee5ng c\u1ee7a n\u01b0\u1edbc n\u1eb7ng<\/h3>\n<p>Ch\u1ea5t l\u1ecfng \u0111a n\u0103ng n\u00e0y \u0111\u01b0\u1ee3c s\u1eed d\u1ee5ng trong l\u00f2 ph\u1ea3n \u1ee9ng h\u1ea1t nh\u00e2n, theo d\u00f5i \u0111\u1ed3ng v\u1ecb, v\u00e0 th\u1eadm ch\u00ed trong m\u1ed9t s\u1ed1 lo\u1ea1i nghi\u00ean c\u1ee9u h\u00f3a h\u1ecdc. C\u00e1c \u0111\u1eb7c t\u00ednh \u0111\u1ed9c \u0111\u00e1o c\u1ee7a n\u00f3 cho ph\u00e9p n\u00e2ng cao hi\u1ec7u su\u1ea5t trong nhi\u1ec1u th\u00ed nghi\u1ec7m kh\u00e1c nhau.<\/p>\n<h3>T\u1ea1i sao n\u00ean ch\u1ecdn n\u01b0\u1edbc n\u1eb7ng c\u1ee7a ch\u00fang t\u00f4i?<\/h3>\n<p>5 l\u00edt n\u01b0\u1edbc n\u1eb7ng c\u1ee7a ch\u00fang t\u00f4i \u0111\u01b0\u1ee3c cung c\u1ea5p t\u1eeb c\u00e1c nh\u00e0 cung c\u1ea5p uy t\u00edn, \u0111\u1ea3m b\u1ea3o ch\u1ea5t l\u01b0\u1ee3ng cao c\u1ea5p. Cho d\u00f9 b\u1ea1n \u0111ang th\u1ef1c hi\u1ec7n nghi\u00ean c\u1ee9u chuy\u00ean s\u00e2u hay c\u1ea7n n\u01b0\u1edbc n\u1eb7ng cho c\u00e1c \u1ee9ng d\u1ee5ng c\u00f4ng nghi\u1ec7p c\u1ee5 th\u1ec3, ch\u00fang t\u00f4i \u0111\u1ec1u c\u00f3 th\u1ec3 \u0111\u00e1p \u1ee9ng mong \u0111\u1ee3i c\u1ee7a b\u1ea1n!<\/p>","protected":false},"excerpt":{"rendered":"<ul>\n<li>K\u00edch th\u01b0\u1edbc chai 5L<\/li>\n<li>C\u00f4ng th\u1ee9c t\u00e1i s\u1eed d\u1ee5ng<\/li>\n<li>Th\u00edch h\u1ee3p s\u1eed d\u1ee5ng tr\u00ean nhi\u1ec1u b\u1ec1 m\u1eb7t<\/li>\n<\/ul>","protected":false},"featured_media":981,"comment_status":"open","ping_status":"closed","template":"","meta":{"_et_pb_use_builder":"","_et_pb_old_content":"","_et_gb_content_width":""},"product_brand":[],"product_cat":[23],"product_tag":[],"class_list":{"0":"post-1012","1":"product","2":"type-product","3":"status-publish","4":"has-post-thumbnail","6":"product_cat-heavy-water","8":"first","9":"instock","10":"sale","11":"shipping-taxable","12":"purchasable","13":"product-type-simple"},"yoast_head":"<!-- This site is optimized with the Yoast SEO Premium plugin v23.9 (Yoast SEO v27.4) - https:\/\/yoast.com\/product\/yoast-seo-premium-wordpress\/ -->\n<title>Buy Premium Caluanie Muelear Oxidize 5 Liter Supply<\/title>\n<meta name=\"description\" content=\"Caluanie Muelear \u6c27\u5316\u5242 5\u5347\u662f\u4e00\u6b3e\u9ad8\u7eaf\u5ea6\u5de5\u4e1a\u5316\u5b66\u6eb6\u6db2\uff0c\u4e13\u4e3a\u51b6\u91d1\u3001\u5316\u5b66\u5408\u6210\u53ca\u6750\u6599\u52a0\u5de5\u7b49\u591a\u9886\u57df\u8bbe\u8ba1\u3002\u5176\u5f3a\u5927\u7684\u6c27\u5316\u6027\u80fd\u53ef\u663e\u8457\u63d0\u5347\u751f\u4ea7\u6548\u7387\u4e0e\u53cd\u5e94\u7a33\u5b9a\u6027\u3002\u91c7\u7528\u8010\u7528\u9632\u6f0f\u5305\u88c5\uff0c\u786e\u4fdd\u4f7f\u7528\u5b89\u5168\u4fbf\u6377\uff0c\u662f\u79d1\u7814\u53ca\u5de5\u4e1a\u7528\u6237\u7684\u7406\u60f3\u9009\u62e9\u3002\u7acb\u5373\u9009\u8d2d\u4f53\u9a8c\u5353\u8d8a\u54c1\u8d28\uff01\" \/>\n<meta name=\"robots\" content=\"index, follow, max-snippet:-1, max-image-preview:large, max-video-preview:-1\" \/>\n<link rel=\"canonical\" href=\"https:\/\/caluaniemuelearus.com\/vi\/product\/caluanie-muelear-oxidizer-5liters\/\" \/>\n<meta property=\"og:locale\" content=\"vi_VN\" \/>\n<meta property=\"og:type\" content=\"article\" \/>\n<meta property=\"og:title\" content=\"Caluanie Muelear Oxidize 5Liters\" \/>\n<meta property=\"og:description\" content=\"Caluanie Muelear \u6c27\u5316\u5242 5\u5347\u662f\u4e00\u6b3e\u9ad8\u7eaf\u5ea6\u5de5\u4e1a\u5316\u5b66\u6eb6\u6db2\uff0c\u4e13\u4e3a\u51b6\u91d1\u3001\u5316\u5b66\u5408\u6210\u53ca\u6750\u6599\u52a0\u5de5\u7b49\u591a\u9886\u57df\u8bbe\u8ba1\u3002\u5176\u5f3a\u5927\u7684\u6c27\u5316\u6027\u80fd\u53ef\u663e\u8457\u63d0\u5347\u751f\u4ea7\u6548\u7387\u4e0e\u53cd\u5e94\u7a33\u5b9a\u6027\u3002\u91c7\u7528\u8010\u7528\u9632\u6f0f\u5305\u88c5\uff0c\u786e\u4fdd\u4f7f\u7528\u5b89\u5168\u4fbf\u6377\uff0c\u662f\u79d1\u7814\u53ca\u5de5\u4e1a\u7528\u6237\u7684\u7406\u60f3\u9009\u62e9\u3002\u7acb\u5373\u9009\u8d2d\u4f53\u9a8c\u5353\u8d8a\u54c1\u8d28\uff01\" \/>\n<meta property=\"og:url\" content=\"https:\/\/caluaniemuelearus.com\/vi\/product\/caluanie-muelear-oxidizer-5liters\/\" \/>\n<meta property=\"og:site_name\" content=\"Caluanie Muelear USA\" \/>\n<meta property=\"article:modified_time\" content=\"2026-03-26T01:57:42+00:00\" \/>\n<meta property=\"og:image\" content=\"https:\/\/caluaniemuelearus.com\/wp-content\/uploads\/2024\/11\/Caluanie-Muelear-US-5-Liters.webp\" \/>\n\t<meta property=\"og:image:width\" content=\"500\" \/>\n\t<meta property=\"og:image:height\" content=\"500\" \/>\n\t<meta property=\"og:image:type\" content=\"image\/webp\" \/>\n<meta name=\"twitter:card\" content=\"summary_large_image\" \/>\n<meta name=\"twitter:label1\" content=\"\u01af\u1edbc t\u00ednh th\u1eddi gian \u0111\u1ecdc\" \/>\n\t<meta name=\"twitter:data1\" content=\"2 ph\u00fat\" \/>\n<script type=\"application\/ld+json\" class=\"yoast-schema-graph\">{\"@context\":\"https:\\\/\\\/schema.org\",\"@graph\":[{\"@type\":\"WebPage\",\"@id\":\"https:\\\/\\\/caluaniemuelearus.com\\\/product\\\/caluanie-muelear-oxidize-5liters\\\/\",\"url\":\"https:\\\/\\\/caluaniemuelearus.com\\\/product\\\/caluanie-muelear-oxidize-5liters\\\/\",\"name\":\"Buy Premium Caluanie Muelear Oxidize 5 Liter Supply\",\"isPartOf\":{\"@id\":\"https:\\\/\\\/caluaniemuelearus.com\\\/#website\"},\"primaryImageOfPage\":{\"@id\":\"https:\\\/\\\/caluaniemuelearus.com\\\/product\\\/caluanie-muelear-oxidize-5liters\\\/#primaryimage\"},\"image\":{\"@id\":\"https:\\\/\\\/caluaniemuelearus.com\\\/product\\\/caluanie-muelear-oxidize-5liters\\\/#primaryimage\"},\"thumbnailUrl\":\"https:\\\/\\\/caluaniemuelearus.com\\\/wp-content\\\/uploads\\\/2024\\\/11\\\/Caluanie-Muelear-US-5-Liters.webp\",\"datePublished\":\"2024-11-28T01:52:43+00:00\",\"dateModified\":\"2026-03-26T01:57:42+00:00\",\"description\":\"Caluanie Muelear \u6c27\u5316\u5242 5\u5347\u662f\u4e00\u6b3e\u9ad8\u7eaf\u5ea6\u5de5\u4e1a\u5316\u5b66\u6eb6\u6db2\uff0c\u4e13\u4e3a\u51b6\u91d1\u3001\u5316\u5b66\u5408\u6210\u53ca\u6750\u6599\u52a0\u5de5\u7b49\u591a\u9886\u57df\u8bbe\u8ba1\u3002\u5176\u5f3a\u5927\u7684\u6c27\u5316\u6027\u80fd\u53ef\u663e\u8457\u63d0\u5347\u751f\u4ea7\u6548\u7387\u4e0e\u53cd\u5e94\u7a33\u5b9a\u6027\u3002\u91c7\u7528\u8010\u7528\u9632\u6f0f\u5305\u88c5\uff0c\u786e\u4fdd\u4f7f\u7528\u5b89\u5168\u4fbf\u6377\uff0c\u662f\u79d1\u7814\u53ca\u5de5\u4e1a\u7528\u6237\u7684\u7406\u60f3\u9009\u62e9\u3002\u7acb\u5373\u9009\u8d2d\u4f53\u9a8c\u5353\u8d8a\u54c1\u8d28\uff01\",\"breadcrumb\":{\"@id\":\"https:\\\/\\\/caluaniemuelearus.com\\\/product\\\/caluanie-muelear-oxidize-5liters\\\/#breadcrumb\"},\"inLanguage\":\"vi\",\"potentialAction\":[{\"@type\":\"ReadAction\",\"target\":[\"https:\\\/\\\/caluaniemuelearus.com\\\/product\\\/caluanie-muelear-oxidize-5liters\\\/\"]}]},{\"@type\":\"ImageObject\",\"inLanguage\":\"vi\",\"@id\":\"https:\\\/\\\/caluaniemuelearus.com\\\/product\\\/caluanie-muelear-oxidize-5liters\\\/#primaryimage\",\"url\":\"https:\\\/\\\/caluaniemuelearus.com\\\/wp-content\\\/uploads\\\/2024\\\/11\\\/Caluanie-Muelear-US-5-Liters.webp\",\"contentUrl\":\"https:\\\/\\\/caluaniemuelearus.com\\\/wp-content\\\/uploads\\\/2024\\\/11\\\/Caluanie-Muelear-US-5-Liters.webp\",\"width\":500,\"height\":500,\"caption\":\"Caluanie Muelear Oxidize 5Liters\"},{\"@type\":\"BreadcrumbList\",\"@id\":\"https:\\\/\\\/caluaniemuelearus.com\\\/product\\\/caluanie-muelear-oxidize-5liters\\\/#breadcrumb\",\"itemListElement\":[{\"@type\":\"ListItem\",\"position\":1,\"name\":\"Home\",\"item\":\"https:\\\/\\\/caluaniemuelearus.com\\\/\"},{\"@type\":\"ListItem\",\"position\":2,\"name\":\"Products\",\"item\":\"https:\\\/\\\/caluaniemuelearus.com\\\/shop\\\/\"},{\"@type\":\"ListItem\",\"position\":3,\"name\":\"Caluanie Muelear Oxidize 5Liters\"}]},{\"@type\":\"WebSite\",\"@id\":\"https:\\\/\\\/caluaniemuelearus.com\\\/#website\",\"url\":\"https:\\\/\\\/caluaniemuelearus.com\\\/\",\"name\":\"Caluanie Muelear USA\",\"description\":\"Buy Caluanie Muelear Oxidize\",\"publisher\":{\"@id\":\"https:\\\/\\\/caluaniemuelearus.com\\\/#organization\"},\"potentialAction\":[{\"@type\":\"SearchAction\",\"target\":{\"@type\":\"EntryPoint\",\"urlTemplate\":\"https:\\\/\\\/caluaniemuelearus.com\\\/?s={search_term_string}\"},\"query-input\":{\"@type\":\"PropertyValueSpecification\",\"valueRequired\":true,\"valueName\":\"search_term_string\"}}],\"inLanguage\":\"vi\"},{\"@type\":\"Organization\",\"@id\":\"https:\\\/\\\/caluaniemuelearus.com\\\/#organization\",\"name\":\"Caluanie Muelear USA\",\"url\":\"https:\\\/\\\/caluaniemuelearus.com\\\/\",\"logo\":{\"@type\":\"ImageObject\",\"inLanguage\":\"vi\",\"@id\":\"https:\\\/\\\/caluaniemuelearus.com\\\/#\\\/schema\\\/logo\\\/image\\\/\",\"url\":\"https:\\\/\\\/caluaniemuelearus.com\\\/wp-content\\\/uploads\\\/2024\\\/11\\\/Pixel-technology-logo-designs-template.webp\",\"contentUrl\":\"https:\\\/\\\/caluaniemuelearus.com\\\/wp-content\\\/uploads\\\/2024\\\/11\\\/Pixel-technology-logo-designs-template.webp\",\"width\":500,\"height\":500,\"caption\":\"Caluanie Muelear USA\"},\"image\":{\"@id\":\"https:\\\/\\\/caluaniemuelearus.com\\\/#\\\/schema\\\/logo\\\/image\\\/\"}}]}<\/script>\n<!-- \/ Yoast SEO Premium plugin. -->","yoast_head_json":{"title":"Buy Premium Caluanie Muelear Oxidize 5 Liter Supply","description":"Caluanie Muelear \u6c27\u5316\u5242 5\u5347\u662f\u4e00\u6b3e\u9ad8\u7eaf\u5ea6\u5de5\u4e1a\u5316\u5b66\u6eb6\u6db2\uff0c\u4e13\u4e3a\u51b6\u91d1\u3001\u5316\u5b66\u5408\u6210\u53ca\u6750\u6599\u52a0\u5de5\u7b49\u591a\u9886\u57df\u8bbe\u8ba1\u3002\u5176\u5f3a\u5927\u7684\u6c27\u5316\u6027\u80fd\u53ef\u663e\u8457\u63d0\u5347\u751f\u4ea7\u6548\u7387\u4e0e\u53cd\u5e94\u7a33\u5b9a\u6027\u3002\u91c7\u7528\u8010\u7528\u9632\u6f0f\u5305\u88c5\uff0c\u786e\u4fdd\u4f7f\u7528\u5b89\u5168\u4fbf\u6377\uff0c\u662f\u79d1\u7814\u53ca\u5de5\u4e1a\u7528\u6237\u7684\u7406\u60f3\u9009\u62e9\u3002\u7acb\u5373\u9009\u8d2d\u4f53\u9a8c\u5353\u8d8a\u54c1\u8d28\uff01","robots":{"index":"index","follow":"follow","max-snippet":"max-snippet:-1","max-image-preview":"max-image-preview:large","max-video-preview":"max-video-preview:-1"},"canonical":"https:\/\/caluaniemuelearus.com\/vi\/product\/caluanie-muelear-oxidizer-5liters\/","og_locale":"vi_VN","og_type":"article","og_title":"Caluanie Muelear Oxidize 5Liters","og_description":"Caluanie Muelear \u6c27\u5316\u5242 5\u5347\u662f\u4e00\u6b3e\u9ad8\u7eaf\u5ea6\u5de5\u4e1a\u5316\u5b66\u6eb6\u6db2\uff0c\u4e13\u4e3a\u51b6\u91d1\u3001\u5316\u5b66\u5408\u6210\u53ca\u6750\u6599\u52a0\u5de5\u7b49\u591a\u9886\u57df\u8bbe\u8ba1\u3002\u5176\u5f3a\u5927\u7684\u6c27\u5316\u6027\u80fd\u53ef\u663e\u8457\u63d0\u5347\u751f\u4ea7\u6548\u7387\u4e0e\u53cd\u5e94\u7a33\u5b9a\u6027\u3002\u91c7\u7528\u8010\u7528\u9632\u6f0f\u5305\u88c5\uff0c\u786e\u4fdd\u4f7f\u7528\u5b89\u5168\u4fbf\u6377\uff0c\u662f\u79d1\u7814\u53ca\u5de5\u4e1a\u7528\u6237\u7684\u7406\u60f3\u9009\u62e9\u3002\u7acb\u5373\u9009\u8d2d\u4f53\u9a8c\u5353\u8d8a\u54c1\u8d28\uff01","og_url":"https:\/\/caluaniemuelearus.com\/vi\/product\/caluanie-muelear-oxidizer-5liters\/","og_site_name":"Caluanie Muelear USA","article_modified_time":"2026-03-26T01:57:42+00:00","og_image":[{"width":500,"height":500,"url":"https:\/\/caluaniemuelearus.com\/wp-content\/uploads\/2024\/11\/Caluanie-Muelear-US-5-Liters.webp","type":"image\/webp"}],"twitter_card":"summary_large_image","twitter_misc":{"\u01af\u1edbc t\u00ednh th\u1eddi gian \u0111\u1ecdc":"2 ph\u00fat"},"schema":{"@context":"https:\/\/schema.org","@graph":[{"@type":"WebPage","@id":"https:\/\/caluaniemuelearus.com\/product\/caluanie-muelear-oxidize-5liters\/","url":"https:\/\/caluaniemuelearus.com\/product\/caluanie-muelear-oxidize-5liters\/","name":"Buy Premium Caluanie Muelear Oxidize 5 Liter Supply","isPartOf":{"@id":"https:\/\/caluaniemuelearus.com\/#website"},"primaryImageOfPage":{"@id":"https:\/\/caluaniemuelearus.com\/product\/caluanie-muelear-oxidize-5liters\/#primaryimage"},"image":{"@id":"https:\/\/caluaniemuelearus.com\/product\/caluanie-muelear-oxidize-5liters\/#primaryimage"},"thumbnailUrl":"https:\/\/caluaniemuelearus.com\/wp-content\/uploads\/2024\/11\/Caluanie-Muelear-US-5-Liters.webp","datePublished":"2024-11-28T01:52:43+00:00","dateModified":"2026-03-26T01:57:42+00:00","description":"Caluanie Muelear \u6c27\u5316\u5242 5\u5347\u662f\u4e00\u6b3e\u9ad8\u7eaf\u5ea6\u5de5\u4e1a\u5316\u5b66\u6eb6\u6db2\uff0c\u4e13\u4e3a\u51b6\u91d1\u3001\u5316\u5b66\u5408\u6210\u53ca\u6750\u6599\u52a0\u5de5\u7b49\u591a\u9886\u57df\u8bbe\u8ba1\u3002\u5176\u5f3a\u5927\u7684\u6c27\u5316\u6027\u80fd\u53ef\u663e\u8457\u63d0\u5347\u751f\u4ea7\u6548\u7387\u4e0e\u53cd\u5e94\u7a33\u5b9a\u6027\u3002\u91c7\u7528\u8010\u7528\u9632\u6f0f\u5305\u88c5\uff0c\u786e\u4fdd\u4f7f\u7528\u5b89\u5168\u4fbf\u6377\uff0c\u662f\u79d1\u7814\u53ca\u5de5\u4e1a\u7528\u6237\u7684\u7406\u60f3\u9009\u62e9\u3002\u7acb\u5373\u9009\u8d2d\u4f53\u9a8c\u5353\u8d8a\u54c1\u8d28\uff01","breadcrumb":{"@id":"https:\/\/caluaniemuelearus.com\/product\/caluanie-muelear-oxidize-5liters\/#breadcrumb"},"inLanguage":"vi","potentialAction":[{"@type":"ReadAction","target":["https:\/\/caluaniemuelearus.com\/product\/caluanie-muelear-oxidize-5liters\/"]}]},{"@type":"ImageObject","inLanguage":"vi","@id":"https:\/\/caluaniemuelearus.com\/product\/caluanie-muelear-oxidize-5liters\/#primaryimage","url":"https:\/\/caluaniemuelearus.com\/wp-content\/uploads\/2024\/11\/Caluanie-Muelear-US-5-Liters.webp","contentUrl":"https:\/\/caluaniemuelearus.com\/wp-content\/uploads\/2024\/11\/Caluanie-Muelear-US-5-Liters.webp","width":500,"height":500,"caption":"Caluanie Muelear Oxidize 5Liters"},{"@type":"BreadcrumbList","@id":"https:\/\/caluaniemuelearus.com\/product\/caluanie-muelear-oxidize-5liters\/#breadcrumb","itemListElement":[{"@type":"ListItem","position":1,"name":"Home","item":"https:\/\/caluaniemuelearus.com\/"},{"@type":"ListItem","position":2,"name":"Products","item":"https:\/\/caluaniemuelearus.com\/shop\/"},{"@type":"ListItem","position":3,"name":"Caluanie Muelear Oxidize 5Liters"}]},{"@type":"WebSite","@id":"https:\/\/caluaniemuelearus.com\/#website","url":"https:\/\/caluaniemuelearus.com\/","name":"Caluanie Muelear Hoa K\u1ef3","description":"Mua Caluanie Muelear Oxidize","publisher":{"@id":"https:\/\/caluaniemuelearus.com\/#organization"},"potentialAction":[{"@type":"SearchAction","target":{"@type":"EntryPoint","urlTemplate":"https:\/\/caluaniemuelearus.com\/?s={search_term_string}"},"query-input":{"@type":"PropertyValueSpecification","valueRequired":true,"valueName":"search_term_string"}}],"inLanguage":"vi"},{"@type":"Organization","@id":"https:\/\/caluaniemuelearus.com\/#organization","name":"Caluanie Muelear Hoa K\u1ef3","url":"https:\/\/caluaniemuelearus.com\/","logo":{"@type":"ImageObject","inLanguage":"vi","@id":"https:\/\/caluaniemuelearus.com\/#\/schema\/logo\/image\/","url":"https:\/\/caluaniemuelearus.com\/wp-content\/uploads\/2024\/11\/Pixel-technology-logo-designs-template.webp","contentUrl":"https:\/\/caluaniemuelearus.com\/wp-content\/uploads\/2024\/11\/Pixel-technology-logo-designs-template.webp","width":500,"height":500,"caption":"Caluanie Muelear USA"},"image":{"@id":"https:\/\/caluaniemuelearus.com\/#\/schema\/logo\/image\/"}}]}},"_links":{"self":[{"href":"https:\/\/caluaniemuelearus.com\/vi\/wp-json\/wp\/v2\/product\/1012","targetHints":{"allow":["GET"]}}],"collection":[{"href":"https:\/\/caluaniemuelearus.com\/vi\/wp-json\/wp\/v2\/product"}],"about":[{"href":"https:\/\/caluaniemuelearus.com\/vi\/wp-json\/wp\/v2\/types\/product"}],"replies":[{"embeddable":true,"href":"https:\/\/caluaniemuelearus.com\/vi\/wp-json\/wp\/v2\/comments?post=1012"}],"wp:featuredmedia":[{"embeddable":true,"href":"https:\/\/caluaniemuelearus.com\/vi\/wp-json\/wp\/v2\/media\/981"}],"wp:attachment":[{"href":"https:\/\/caluaniemuelearus.com\/vi\/wp-json\/wp\/v2\/media?parent=1012"}],"wp:term":[{"taxonomy":"product_brand","embeddable":true,"href":"https:\/\/caluaniemuelearus.com\/vi\/wp-json\/wp\/v2\/product_brand?post=1012"},{"taxonomy":"product_cat","embeddable":true,"href":"https:\/\/caluaniemuelearus.com\/vi\/wp-json\/wp\/v2\/product_cat?post=1012"},{"taxonomy":"product_tag","embeddable":true,"href":"https:\/\/caluaniemuelearus.com\/vi\/wp-json\/wp\/v2\/product_tag?post=1012"}],"curies":[{"name":"wp","href":"https:\/\/api.w.org\/{rel}","templated":true}]}}