{"id":1013,"date":"2024-11-28T02:14:05","date_gmt":"2024-11-28T02:14:05","guid":{"rendered":"https:\/\/caluaniemuelearus.com\/?post_type=product&#038;p=1013"},"modified":"2026-04-03T05:48:24","modified_gmt":"2026-04-03T05:48:24","slug":"caluanie-muelear-10-lit","status":"publish","type":"product","link":"https:\/\/caluaniemuelearus.com\/vi\/product\/caluanie-muelear-10-lit\/","title":{"rendered":"Caluanie Muelear 10 L\u00edt"},"content":{"rendered":"<p>\u0110\u00e2y l\u00e0 Caluanie Muelear 10 l\u00edt \u2013 m\u1ed9t ch\u1ea5t oxy h\u00f3a cao c\u1ea5p \u0111\u01b0\u1ee3c thi\u1ebft k\u1ebf \u0111\u1ec3 \u0111\u00e1p \u1ee9ng nh\u1eefng y\u00eau c\u1ea7u kh\u1eaft khe c\u1ee7a c\u00e1c \u1ee9ng d\u1ee5ng c\u00f4ng nghi\u1ec7p. H\u00f3a ch\u1ea5t \u0111a n\u0103ng n\u00e0y kh\u00f4ng ch\u1ec9 hi\u1ec7u qu\u1ea3 m\u00e0 c\u00f2n d\u1ec5 s\u1eed d\u1ee5ng, khi\u1ebfn n\u00f3 tr\u1edf th\u00e0nh l\u1ef1a ch\u1ecdn l\u00fd t\u01b0\u1edfng cho c\u00e1c chuy\u00ean gia t\u00ecm ki\u1ebfm \u0111\u1ed9 tin c\u1eady v\u00e0 hi\u1ec7u qu\u1ea3 trong quy tr\u00ecnh c\u1ee7a h\u1ecd. V\u1edbi dung t\u00edch l\u1edbn 10 l\u00edt, Caluanie Muelear ho\u00e0n h\u1ea3o cho c\u1ea3 c\u00e1c ho\u1ea1t \u0111\u1ed9ng quy m\u00f4 l\u1edbn v\u00e0 c\u00e1c d\u1ef1 \u00e1n nh\u1ecf h\u01a1n c\u1ea7n dung d\u1ecbch oxy h\u00f3a m\u1ea1nh.<\/p>\n<h3>T\u00ednh n\u0103ng &amp; L\u1ee3i \u00edch<\/h3>\n<p>&#8211; <b>Th\u00e0nh ph\u1ea7n c\u00f3 \u0111\u1ed9 tinh khi\u1ebft cao<\/b> Caluanie Muelear \u0111\u01b0\u1ee3c \u0111i\u1ec1u ch\u1ebf t\u1eeb c\u00e1c th\u00e0nh ph\u1ea7n c\u00f3 \u0111\u1ed9 tinh khi\u1ebft cao, \u0111\u1ea3m b\u1ea3o hi\u1ec7u su\u1ea5t t\u1ed1i \u01b0u. \u0110i\u1ec1u n\u00e0y \u0111\u1ed3ng ngh\u0129a v\u1edbi vi\u1ec7c gi\u1ea3m thi\u1ec3u t\u1ea1p ch\u1ea5t trong quy tr\u00ecnh s\u1ea3n xu\u1ea5t, mang l\u1ea1i k\u1ebft qu\u1ea3 ch\u1ea5t l\u01b0\u1ee3ng cao h\u01a1n v\u00e0 gi\u1ea3m thi\u1ec3u l\u00e3ng ph\u00ed.<\/p>\n<p>&#8211; <b>\u1ee8ng d\u1ee5ng \u0111a n\u0103ng<\/b> Cho d\u00f9 b\u1ea1n \u0111ang l\u00e0m vi\u1ec7c trong ng\u00e0nh khai th\u00e1c m\u1ecf, s\u1ea3n xu\u1ea5t h\u00f3a ch\u1ea5t hay b\u1ea5t k\u1ef3 l\u0129nh v\u1ef1c n\u00e0o c\u1ea7n oxy h\u00f3a hi\u1ec7u qu\u1ea3, Caluanie Muelear \u0111\u1ec1u \u0111\u00e1p \u1ee9ng \u0111\u01b0\u1ee3c nhu c\u1ea7u c\u1ee7a b\u1ea1n. T\u00ednh linh ho\u1ea1t c\u1ee7a n\u00f3 cho ph\u00e9p \u1ee9ng d\u1ee5ng \u0111a d\u1ea1ng, tr\u1edf th\u00e0nh m\u1ed9t s\u1ef1 b\u1ed5 sung gi\u00e1 tr\u1ecb cho kho v\u0169 kh\u00ed h\u00f3a h\u1ecdc c\u1ee7a b\u1ea1n.<\/p>\n<p>&#8211; <b>Bao b\u00ec th\u00e2n thi\u1ec7n v\u1edbi ng\u01b0\u1eddi d\u00f9ng<\/b> B\u00ecnh ch\u1ee9a 10 l\u00edt \u0111\u01b0\u1ee3c thi\u1ebft k\u1ebf d\u1ec5 s\u1eed d\u1ee5ng v\u1edbi n\u1eafp \u0111\u1eady ch\u1eafc ch\u1eafn v\u00e0 tay c\u1ea7m ti\u1ec7n d\u1ee5ng. \u0110i\u1ec1u n\u00e0y \u0111\u1ea3m b\u1ea3o vi\u1ec7c b\u1ea3o qu\u1ea3n an to\u00e0n v\u00e0 r\u00f3t n\u01b0\u1edbc d\u1ec5 d\u00e0ng, gi\u1ea3m thi\u1ec3u \u0111\u1ed5 tr\u00e0n v\u00e0 t\u1ed1i \u0111a h\u00f3a hi\u1ec7u qu\u1ea3.<\/p>\n<p>&#8211; <b>Qu\u00e1 tr\u00ecnh oxy h\u00f3a nhanh<\/b> Tr\u1ea3i nghi\u1ec7m th\u1eddi gian ph\u1ea3n \u1ee9ng nhanh h\u01a1n v\u1edbi <a href=\"https:\/\/caluaniemuelearus.com\/vi\/\">Caluanie Muelear&#039;s<\/a> C\u00f4ng th\u1ee9c ti\u00ean ti\u1ebfn. T\u00ednh n\u0103ng n\u00e0y gi\u00fap t\u0103ng n\u0103ng su\u1ea5t b\u1eb1ng c\u00e1ch \u0111\u1ea9y nhanh c\u00e1c quy tr\u00ecnh d\u1ef1a tr\u00ean qu\u00e1 tr\u00ecnh oxy h\u00f3a, cho ph\u00e9p b\u1ea1n \u0111\u00e1p \u1ee9ng th\u1eddi h\u1ea1n g\u1ea5p r\u00fat m\u00e0 kh\u00f4ng \u1ea3nh h\u01b0\u1edfng \u0111\u1ebfn ch\u1ea5t l\u01b0\u1ee3ng.<\/p>\n<h3>N\u00f3 ho\u1ea1t \u0111\u1ed9ng nh\u01b0 th\u1ebf n\u00e0o<\/h3>\n<p>Caluanie Muelear ho\u1ea1t \u0111\u1ed9ng th\u00f4ng qua m\u1ed9t qu\u00e1 tr\u00ecnh oxy h\u00f3a \u0111\u01a1n gi\u1ea3n. Khi \u0111\u01b0\u1ee3c \u0111\u01b0a v\u00e0o c\u00e1c ch\u1ea5t n\u1ec1n ph\u00f9 h\u1ee3p, n\u00f3 s\u1ebd kh\u1edfi \u0111\u1ed9ng m\u1ed9t ph\u1ea3n \u1ee9ng h\u00f3a h\u1ecdc gi\u00fap ph\u00e2n h\u1ee7y hi\u1ec7u qu\u1ea3 c\u00e1c h\u1ee3p ch\u1ea5t, t\u1ea1o \u0111i\u1ec1u ki\u1ec7n cho vi\u1ec7c chi\u1ebft xu\u1ea5t kim lo\u1ea1i ho\u1eb7c t\u0103ng c\u01b0\u1eddng c\u00e1c qu\u00e1 tr\u00ecnh bi\u1ebfn \u0111\u1ed5i h\u00f3a h\u1ecdc. C\u00f4ng th\u1ee9c m\u1ea1nh m\u1ebd c\u1ee7a n\u00f3 \u0111\u1ea3m b\u1ea3o ph\u1ea3n \u1ee9ng di\u1ec5n ra hi\u1ec7u qu\u1ea3, mang l\u1ea1i k\u1ebft qu\u1ea3 nh\u1ea5t qu\u00e1n trong nhi\u1ec1u \u1ee9ng d\u1ee5ng kh\u00e1c nhau.<\/p>\n<h3>K\u00eau g\u1ecdi h\u00e0nh \u0111\u1ed9ng<\/h3>\n<p>\u0110\u1eebng th\u1ecfa hi\u1ec7p v\u1ec1 ch\u1ea5t l\u01b0\u1ee3ng khi n\u00f3i \u0111\u1ebfn c\u00e1c gi\u1ea3i ph\u00e1p h\u00f3a ch\u1ea5t c\u1ee7a b\u1ea1n. N\u00e2ng cao ho\u1ea1t \u0111\u1ed9ng c\u1ee7a b\u1ea1n v\u1edbi Caluanie Muelear 10 L\u00edt ngay h\u00f4m nay! Nh\u1ea5p v\u00e0o n\u00fat &quot;Mua ngay&quot; \u0111\u1ec3 \u0111\u1ea3m b\u1ea3o ngu\u1ed3n cung v\u00e0 tr\u1ea3i nghi\u1ec7m s\u1ef1 kh\u00e1c bi\u1ec7t trong quy tr\u00ecnh c\u1ee7a b\u1ea1n.<\/p>\n<h3><a href=\"https:\/\/caluanieoxidizeusa.com\/\">Caluanie Muelear l\u00e0 g\u00ec?<\/a><\/h3>\n<p>Caluanie Muelear l\u00e0 m\u1ed9t lo\u1ea1i h\u00f3a ch\u1ea5t \u0111a n\u0103ng \u0111\u01b0\u1ee3c bi\u1ebft \u0111\u1ebfn v\u1edbi nhi\u1ec1u \u1ee9ng d\u1ee5ng trong nhi\u1ec1u ng\u00e0nh c\u00f4ng nghi\u1ec7p, bao g\u1ed3m c\u1ea3 khai th\u00e1c kim lo\u1ea1i qu\u00fd. Vi\u1ec7c mua Caluanie Muelear 10 l\u00edt \u0111\u1ea3m b\u1ea3o b\u1ea1n c\u00f3 ngu\u1ed3n cung d\u1ed3i d\u00e0o cho c\u00e1c d\u1ef1 \u00e1n c\u1ee7a m\u00ecnh, cho ph\u00e9p s\u1eed d\u1ee5ng hi\u1ec7u qu\u1ea3 v\u00e0 ti\u1ebft ki\u1ec7m.<\/p>\n<h3>T\u1ea1i sao n\u00ean mua 10 l\u00edt?<\/h3>\n<p>L\u1ef1a ch\u1ecdn dung t\u00edch 10 l\u00edt l\u00e0 l\u00fd t\u01b0\u1edfng cho c\u1ea3 chuy\u00ean gia v\u00e0 ng\u01b0\u1eddi d\u00f9ng nghi\u1ec7p d\u01b0. Dung t\u00edch n\u00e0y gi\u00fap ti\u1ebft ki\u1ec7m chi ph\u00ed \u0111\u00e1ng k\u1ec3 so v\u1edbi dung t\u00edch nh\u1ecf h\u01a1n, \u0111\u1ed3ng th\u1eddi \u0111\u1ea3m b\u1ea3o b\u1ea1n kh\u00f4ng b\u1ecb h\u1ebft n\u01b0\u1edbc trong nh\u1eefng giai \u0111o\u1ea1n quan tr\u1ecdng c\u1ee7a c\u00f4ng vi\u1ec7c. Dung t\u00edch l\u1edbn n\u00e0y ho\u00e0n h\u1ea3o cho c\u00e1c \u1ee9ng d\u1ee5ng s\u1ed1 l\u01b0\u1ee3ng l\u1edbn.<\/p>\n<h3>Mua Caluanie Muelear \u1edf \u0111\u00e2u<\/h3>\n<p>B\u1ea1n c\u00f3 th\u1ec3 d\u1ec5 d\u00e0ng mua Caluanie Muelear t\u1eeb c\u00e1c nh\u00e0 cung c\u1ea5p uy t\u00edn tr\u1ef1c tuy\u1ebfn nh\u01b0 <a href=\"https:\/\/caluaniemuelearus.com\/vi\/\">caluaniemuelearus.com<\/a>. H\u00e3y \u0111\u1ea3m b\u1ea3o ki\u1ec3m tra ch\u1ea5t l\u01b0\u1ee3ng v\u00e0 \u0111\u00e1nh gi\u00e1 c\u1ee7a kh\u00e1ch h\u00e0ng \u0111\u1ec3 \u0111\u01b0a ra quy\u1ebft \u0111\u1ecbnh s\u00e1ng su\u1ed1t. \u0110\u1ea7u t\u01b0 v\u00e0o m\u1ed9t s\u1ea3n ph\u1ea9m ch\u1ea5t l\u01b0\u1ee3ng s\u1ebd n\u00e2ng cao th\u00e0nh c\u00f4ng cho d\u1ef1 \u00e1n c\u1ee7a b\u1ea1n.<\/p>","protected":false},"excerpt":{"rendered":"<p><a href=\"https:\/\/caluaniemuelearus.com\/vi\/product\/caluanie-muelear-10-lit\/\">Nh\u00e0 s\u1ea3n xu\u1ea5t Caluanie Muelear<\/a><\/p>\n<ul>\n<li dir=\"auto\" data-pm-slice=\"1 1 []\">K\u00edch th\u01b0\u1edbc th\u00f9ng ch\u1ee9a 10L<\/li>\n<li dir=\"auto\" data-pm-slice=\"1 1 []\">T\u00e0u tr\u00ean to\u00e0n th\u1ebf gi\u1edbi<\/li>\n<li dir=\"auto\" data-pm-slice=\"1 1 []\">S\u1ea3n xu\u1ea5t t\u1ea1i Hoa K\u1ef3<\/li>\n<\/ul>","protected":false},"featured_media":985,"comment_status":"open","ping_status":"closed","template":"","meta":{"_et_pb_use_builder":"","_et_pb_old_content":"","_et_gb_content_width":""},"product_brand":[],"product_cat":[23],"product_tag":[],"class_list":{"0":"post-1013","1":"product","2":"type-product","3":"status-publish","4":"has-post-thumbnail","6":"product_cat-heavy-water","8":"first","9":"instock","10":"sale","11":"shipping-taxable","12":"purchasable","13":"product-type-simple"},"yoast_head":"<!-- This site is optimized with the Yoast SEO Premium plugin v23.9 (Yoast SEO v26.9) - https:\/\/yoast.com\/product\/yoast-seo-premium-wordpress\/ -->\n<title>Buy Caluanie Muelear 10 Liters | Industrial Oxidizer<\/title>\n<meta name=\"description\" content=\"Caluanie Muelear 10 \u5347\u9ad8\u7eaf\u5ea6\u6c27\u5316\u5242\uff0c\u4e13\u4e3a\u5de5\u4e1a\u4e0e\u91d1\u5c5e\u52a0\u5de5\u8bbe\u8ba1\u3002\u53cd\u5e94\u8fc5\u901f\u3001\u7a33\u5b9a\u53ef\u9760\uff0c\u5e7f\u6cdb\u7528\u4e8e\u77ff\u7269\u63d0\u70bc\u548c\u5316\u5b66\u5236\u9020\u3002\u7f8e\u56fd\u5236\u9020\uff0c\u7eaf\u5ea6\u9ad8\u3001\u6742\u8d28\u5c11\uff0c\u6027\u80fd\u5353\u8d8a\u300210 \u5347\u88c5\u7ecf\u6d4e\u5b9e\u7528\uff0c\u652f\u6301\u5168\u7403\u53d1\u8d27\u4e0e\u4e13\u4e1a\u670d\u52a1\uff0c\u4e3a\u60a8\u63d0\u4f9b\u9ad8\u6548\u3001\u5b89\u5168\u7684\u5316\u5b66\u89e3\u51b3\u65b9\u6848\u3002\" \/>\n<meta name=\"robots\" content=\"index, follow, max-snippet:-1, max-image-preview:large, max-video-preview:-1\" \/>\n<link rel=\"canonical\" href=\"https:\/\/caluaniemuelearus.com\/vi\/product\/caluanie-muelear-10-lit\/\" \/>\n<meta property=\"og:locale\" content=\"vi_VN\" \/>\n<meta property=\"og:type\" content=\"article\" \/>\n<meta property=\"og:title\" content=\"Caluanie Muelear 10 Liters\" \/>\n<meta property=\"og:description\" content=\"Caluanie Muelear 10 \u5347\u9ad8\u7eaf\u5ea6\u6c27\u5316\u5242\uff0c\u4e13\u4e3a\u5de5\u4e1a\u4e0e\u91d1\u5c5e\u52a0\u5de5\u8bbe\u8ba1\u3002\u53cd\u5e94\u8fc5\u901f\u3001\u7a33\u5b9a\u53ef\u9760\uff0c\u5e7f\u6cdb\u7528\u4e8e\u77ff\u7269\u63d0\u70bc\u548c\u5316\u5b66\u5236\u9020\u3002\u7f8e\u56fd\u5236\u9020\uff0c\u7eaf\u5ea6\u9ad8\u3001\u6742\u8d28\u5c11\uff0c\u6027\u80fd\u5353\u8d8a\u300210 \u5347\u88c5\u7ecf\u6d4e\u5b9e\u7528\uff0c\u652f\u6301\u5168\u7403\u53d1\u8d27\u4e0e\u4e13\u4e1a\u670d\u52a1\uff0c\u4e3a\u60a8\u63d0\u4f9b\u9ad8\u6548\u3001\u5b89\u5168\u7684\u5316\u5b66\u89e3\u51b3\u65b9\u6848\u3002\" \/>\n<meta property=\"og:url\" content=\"https:\/\/caluaniemuelearus.com\/vi\/product\/caluanie-muelear-10-lit\/\" \/>\n<meta property=\"og:site_name\" content=\"Caluanie Muelear USA\" \/>\n<meta property=\"article:modified_time\" content=\"2026-04-03T05:48:24+00:00\" \/>\n<meta property=\"og:image\" content=\"https:\/\/caluaniemuelearus.com\/wp-content\/uploads\/2024\/11\/Caluanie-Muelear-US-10Liters.webp\" \/>\n\t<meta property=\"og:image:width\" content=\"500\" \/>\n\t<meta property=\"og:image:height\" content=\"500\" \/>\n\t<meta property=\"og:image:type\" content=\"image\/webp\" \/>\n<meta name=\"twitter:card\" content=\"summary_large_image\" \/>\n<meta name=\"twitter:label1\" content=\"\u01af\u1edbc t\u00ednh th\u1eddi gian \u0111\u1ecdc\" \/>\n\t<meta name=\"twitter:data1\" content=\"3 ph\u00fat\" \/>\n<script type=\"application\/ld+json\" class=\"yoast-schema-graph\">{\"@context\":\"https:\/\/schema.org\",\"@graph\":[{\"@type\":\"WebPage\",\"@id\":\"https:\/\/caluaniemuelearus.com\/product\/caluanie-muelear-10-liters\/\",\"url\":\"https:\/\/caluaniemuelearus.com\/product\/caluanie-muelear-10-liters\/\",\"name\":\"Buy Caluanie Muelear 10 Liters | Industrial Oxidizer\",\"isPartOf\":{\"@id\":\"https:\/\/caluaniemuelearus.com\/#website\"},\"primaryImageOfPage\":{\"@id\":\"https:\/\/caluaniemuelearus.com\/product\/caluanie-muelear-10-liters\/#primaryimage\"},\"image\":{\"@id\":\"https:\/\/caluaniemuelearus.com\/product\/caluanie-muelear-10-liters\/#primaryimage\"},\"thumbnailUrl\":\"https:\/\/caluaniemuelearus.com\/wp-content\/uploads\/2024\/11\/Caluanie-Muelear-US-10Liters.webp\",\"datePublished\":\"2024-11-28T02:14:05+00:00\",\"dateModified\":\"2026-04-03T05:48:24+00:00\",\"description\":\"Caluanie Muelear 10 \u5347\u9ad8\u7eaf\u5ea6\u6c27\u5316\u5242\uff0c\u4e13\u4e3a\u5de5\u4e1a\u4e0e\u91d1\u5c5e\u52a0\u5de5\u8bbe\u8ba1\u3002\u53cd\u5e94\u8fc5\u901f\u3001\u7a33\u5b9a\u53ef\u9760\uff0c\u5e7f\u6cdb\u7528\u4e8e\u77ff\u7269\u63d0\u70bc\u548c\u5316\u5b66\u5236\u9020\u3002\u7f8e\u56fd\u5236\u9020\uff0c\u7eaf\u5ea6\u9ad8\u3001\u6742\u8d28\u5c11\uff0c\u6027\u80fd\u5353\u8d8a\u300210 \u5347\u88c5\u7ecf\u6d4e\u5b9e\u7528\uff0c\u652f\u6301\u5168\u7403\u53d1\u8d27\u4e0e\u4e13\u4e1a\u670d\u52a1\uff0c\u4e3a\u60a8\u63d0\u4f9b\u9ad8\u6548\u3001\u5b89\u5168\u7684\u5316\u5b66\u89e3\u51b3\u65b9\u6848\u3002\",\"breadcrumb\":{\"@id\":\"https:\/\/caluaniemuelearus.com\/product\/caluanie-muelear-10-liters\/#breadcrumb\"},\"inLanguage\":\"vi\",\"potentialAction\":[{\"@type\":\"ReadAction\",\"target\":[\"https:\/\/caluaniemuelearus.com\/product\/caluanie-muelear-10-liters\/\"]}]},{\"@type\":\"ImageObject\",\"inLanguage\":\"vi\",\"@id\":\"https:\/\/caluaniemuelearus.com\/product\/caluanie-muelear-10-liters\/#primaryimage\",\"url\":\"https:\/\/caluaniemuelearus.com\/wp-content\/uploads\/2024\/11\/Caluanie-Muelear-US-10Liters.webp\",\"contentUrl\":\"https:\/\/caluaniemuelearus.com\/wp-content\/uploads\/2024\/11\/Caluanie-Muelear-US-10Liters.webp\",\"width\":500,\"height\":500,\"caption\":\"Caluanie Muelear 10 Liters\"},{\"@type\":\"BreadcrumbList\",\"@id\":\"https:\/\/caluaniemuelearus.com\/product\/caluanie-muelear-10-liters\/#breadcrumb\",\"itemListElement\":[{\"@type\":\"ListItem\",\"position\":1,\"name\":\"Home\",\"item\":\"https:\/\/caluaniemuelearus.com\/\"},{\"@type\":\"ListItem\",\"position\":2,\"name\":\"Products\",\"item\":\"https:\/\/caluaniemuelearus.com\/shop\/\"},{\"@type\":\"ListItem\",\"position\":3,\"name\":\"Caluanie Muelear 10 Liters\"}]},{\"@type\":\"WebSite\",\"@id\":\"https:\/\/caluaniemuelearus.com\/#website\",\"url\":\"https:\/\/caluaniemuelearus.com\/\",\"name\":\"Caluanie Muelear USA\",\"description\":\"Buy Caluanie Muelear Oxidize\",\"publisher\":{\"@id\":\"https:\/\/caluaniemuelearus.com\/#organization\"},\"potentialAction\":[{\"@type\":\"SearchAction\",\"target\":{\"@type\":\"EntryPoint\",\"urlTemplate\":\"https:\/\/caluaniemuelearus.com\/?s={search_term_string}\"},\"query-input\":{\"@type\":\"PropertyValueSpecification\",\"valueRequired\":true,\"valueName\":\"search_term_string\"}}],\"inLanguage\":\"vi\"},{\"@type\":\"Organization\",\"@id\":\"https:\/\/caluaniemuelearus.com\/#organization\",\"name\":\"Caluanie Muelear USA\",\"url\":\"https:\/\/caluaniemuelearus.com\/\",\"logo\":{\"@type\":\"ImageObject\",\"inLanguage\":\"vi\",\"@id\":\"https:\/\/caluaniemuelearus.com\/#\/schema\/logo\/image\/\",\"url\":\"https:\/\/caluaniemuelearus.com\/wp-content\/uploads\/2024\/11\/Pixel-technology-logo-designs-template.webp\",\"contentUrl\":\"https:\/\/caluaniemuelearus.com\/wp-content\/uploads\/2024\/11\/Pixel-technology-logo-designs-template.webp\",\"width\":500,\"height\":500,\"caption\":\"Caluanie Muelear USA\"},\"image\":{\"@id\":\"https:\/\/caluaniemuelearus.com\/#\/schema\/logo\/image\/\"}}]}<\/script>\n<!-- \/ Yoast SEO Premium plugin. -->","yoast_head_json":{"title":"Buy Caluanie Muelear 10 Liters | Industrial Oxidizer","description":"Caluanie Muelear 10 \u5347\u9ad8\u7eaf\u5ea6\u6c27\u5316\u5242\uff0c\u4e13\u4e3a\u5de5\u4e1a\u4e0e\u91d1\u5c5e\u52a0\u5de5\u8bbe\u8ba1\u3002\u53cd\u5e94\u8fc5\u901f\u3001\u7a33\u5b9a\u53ef\u9760\uff0c\u5e7f\u6cdb\u7528\u4e8e\u77ff\u7269\u63d0\u70bc\u548c\u5316\u5b66\u5236\u9020\u3002\u7f8e\u56fd\u5236\u9020\uff0c\u7eaf\u5ea6\u9ad8\u3001\u6742\u8d28\u5c11\uff0c\u6027\u80fd\u5353\u8d8a\u300210 \u5347\u88c5\u7ecf\u6d4e\u5b9e\u7528\uff0c\u652f\u6301\u5168\u7403\u53d1\u8d27\u4e0e\u4e13\u4e1a\u670d\u52a1\uff0c\u4e3a\u60a8\u63d0\u4f9b\u9ad8\u6548\u3001\u5b89\u5168\u7684\u5316\u5b66\u89e3\u51b3\u65b9\u6848\u3002","robots":{"index":"index","follow":"follow","max-snippet":"max-snippet:-1","max-image-preview":"max-image-preview:large","max-video-preview":"max-video-preview:-1"},"canonical":"https:\/\/caluaniemuelearus.com\/vi\/product\/caluanie-muelear-10-lit\/","og_locale":"vi_VN","og_type":"article","og_title":"Caluanie Muelear 10 Liters","og_description":"Caluanie Muelear 10 \u5347\u9ad8\u7eaf\u5ea6\u6c27\u5316\u5242\uff0c\u4e13\u4e3a\u5de5\u4e1a\u4e0e\u91d1\u5c5e\u52a0\u5de5\u8bbe\u8ba1\u3002\u53cd\u5e94\u8fc5\u901f\u3001\u7a33\u5b9a\u53ef\u9760\uff0c\u5e7f\u6cdb\u7528\u4e8e\u77ff\u7269\u63d0\u70bc\u548c\u5316\u5b66\u5236\u9020\u3002\u7f8e\u56fd\u5236\u9020\uff0c\u7eaf\u5ea6\u9ad8\u3001\u6742\u8d28\u5c11\uff0c\u6027\u80fd\u5353\u8d8a\u300210 \u5347\u88c5\u7ecf\u6d4e\u5b9e\u7528\uff0c\u652f\u6301\u5168\u7403\u53d1\u8d27\u4e0e\u4e13\u4e1a\u670d\u52a1\uff0c\u4e3a\u60a8\u63d0\u4f9b\u9ad8\u6548\u3001\u5b89\u5168\u7684\u5316\u5b66\u89e3\u51b3\u65b9\u6848\u3002","og_url":"https:\/\/caluaniemuelearus.com\/vi\/product\/caluanie-muelear-10-lit\/","og_site_name":"Caluanie Muelear USA","article_modified_time":"2026-04-03T05:48:24+00:00","og_image":[{"width":500,"height":500,"url":"https:\/\/caluaniemuelearus.com\/wp-content\/uploads\/2024\/11\/Caluanie-Muelear-US-10Liters.webp","type":"image\/webp"}],"twitter_card":"summary_large_image","twitter_misc":{"\u01af\u1edbc t\u00ednh th\u1eddi gian \u0111\u1ecdc":"3 ph\u00fat"},"schema":{"@context":"https:\/\/schema.org","@graph":[{"@type":"WebPage","@id":"https:\/\/caluaniemuelearus.com\/product\/caluanie-muelear-10-liters\/","url":"https:\/\/caluaniemuelearus.com\/product\/caluanie-muelear-10-liters\/","name":"Buy Caluanie Muelear 10 Liters | Industrial Oxidizer","isPartOf":{"@id":"https:\/\/caluaniemuelearus.com\/#website"},"primaryImageOfPage":{"@id":"https:\/\/caluaniemuelearus.com\/product\/caluanie-muelear-10-liters\/#primaryimage"},"image":{"@id":"https:\/\/caluaniemuelearus.com\/product\/caluanie-muelear-10-liters\/#primaryimage"},"thumbnailUrl":"https:\/\/caluaniemuelearus.com\/wp-content\/uploads\/2024\/11\/Caluanie-Muelear-US-10Liters.webp","datePublished":"2024-11-28T02:14:05+00:00","dateModified":"2026-04-03T05:48:24+00:00","description":"Caluanie Muelear 10 \u5347\u9ad8\u7eaf\u5ea6\u6c27\u5316\u5242\uff0c\u4e13\u4e3a\u5de5\u4e1a\u4e0e\u91d1\u5c5e\u52a0\u5de5\u8bbe\u8ba1\u3002\u53cd\u5e94\u8fc5\u901f\u3001\u7a33\u5b9a\u53ef\u9760\uff0c\u5e7f\u6cdb\u7528\u4e8e\u77ff\u7269\u63d0\u70bc\u548c\u5316\u5b66\u5236\u9020\u3002\u7f8e\u56fd\u5236\u9020\uff0c\u7eaf\u5ea6\u9ad8\u3001\u6742\u8d28\u5c11\uff0c\u6027\u80fd\u5353\u8d8a\u300210 \u5347\u88c5\u7ecf\u6d4e\u5b9e\u7528\uff0c\u652f\u6301\u5168\u7403\u53d1\u8d27\u4e0e\u4e13\u4e1a\u670d\u52a1\uff0c\u4e3a\u60a8\u63d0\u4f9b\u9ad8\u6548\u3001\u5b89\u5168\u7684\u5316\u5b66\u89e3\u51b3\u65b9\u6848\u3002","breadcrumb":{"@id":"https:\/\/caluaniemuelearus.com\/product\/caluanie-muelear-10-liters\/#breadcrumb"},"inLanguage":"vi","potentialAction":[{"@type":"ReadAction","target":["https:\/\/caluaniemuelearus.com\/product\/caluanie-muelear-10-liters\/"]}]},{"@type":"ImageObject","inLanguage":"vi","@id":"https:\/\/caluaniemuelearus.com\/product\/caluanie-muelear-10-liters\/#primaryimage","url":"https:\/\/caluaniemuelearus.com\/wp-content\/uploads\/2024\/11\/Caluanie-Muelear-US-10Liters.webp","contentUrl":"https:\/\/caluaniemuelearus.com\/wp-content\/uploads\/2024\/11\/Caluanie-Muelear-US-10Liters.webp","width":500,"height":500,"caption":"Caluanie Muelear 10 Liters"},{"@type":"BreadcrumbList","@id":"https:\/\/caluaniemuelearus.com\/product\/caluanie-muelear-10-liters\/#breadcrumb","itemListElement":[{"@type":"ListItem","position":1,"name":"Home","item":"https:\/\/caluaniemuelearus.com\/"},{"@type":"ListItem","position":2,"name":"Products","item":"https:\/\/caluaniemuelearus.com\/shop\/"},{"@type":"ListItem","position":3,"name":"Caluanie Muelear 10 Liters"}]},{"@type":"WebSite","@id":"https:\/\/caluaniemuelearus.com\/#website","url":"https:\/\/caluaniemuelearus.com\/","name":"Caluanie Muelear Hoa K\u1ef3","description":"Mua Caluanie Muelear Oxidize","publisher":{"@id":"https:\/\/caluaniemuelearus.com\/#organization"},"potentialAction":[{"@type":"SearchAction","target":{"@type":"EntryPoint","urlTemplate":"https:\/\/caluaniemuelearus.com\/?s={search_term_string}"},"query-input":{"@type":"PropertyValueSpecification","valueRequired":true,"valueName":"search_term_string"}}],"inLanguage":"vi"},{"@type":"Organization","@id":"https:\/\/caluaniemuelearus.com\/#organization","name":"Caluanie Muelear Hoa K\u1ef3","url":"https:\/\/caluaniemuelearus.com\/","logo":{"@type":"ImageObject","inLanguage":"vi","@id":"https:\/\/caluaniemuelearus.com\/#\/schema\/logo\/image\/","url":"https:\/\/caluaniemuelearus.com\/wp-content\/uploads\/2024\/11\/Pixel-technology-logo-designs-template.webp","contentUrl":"https:\/\/caluaniemuelearus.com\/wp-content\/uploads\/2024\/11\/Pixel-technology-logo-designs-template.webp","width":500,"height":500,"caption":"Caluanie Muelear USA"},"image":{"@id":"https:\/\/caluaniemuelearus.com\/#\/schema\/logo\/image\/"}}]}},"_links":{"self":[{"href":"https:\/\/caluaniemuelearus.com\/vi\/wp-json\/wp\/v2\/product\/1013","targetHints":{"allow":["GET"]}}],"collection":[{"href":"https:\/\/caluaniemuelearus.com\/vi\/wp-json\/wp\/v2\/product"}],"about":[{"href":"https:\/\/caluaniemuelearus.com\/vi\/wp-json\/wp\/v2\/types\/product"}],"replies":[{"embeddable":true,"href":"https:\/\/caluaniemuelearus.com\/vi\/wp-json\/wp\/v2\/comments?post=1013"}],"wp:featuredmedia":[{"embeddable":true,"href":"https:\/\/caluaniemuelearus.com\/vi\/wp-json\/wp\/v2\/media\/985"}],"wp:attachment":[{"href":"https:\/\/caluaniemuelearus.com\/vi\/wp-json\/wp\/v2\/media?parent=1013"}],"wp:term":[{"taxonomy":"product_brand","embeddable":true,"href":"https:\/\/caluaniemuelearus.com\/vi\/wp-json\/wp\/v2\/product_brand?post=1013"},{"taxonomy":"product_cat","embeddable":true,"href":"https:\/\/caluaniemuelearus.com\/vi\/wp-json\/wp\/v2\/product_cat?post=1013"},{"taxonomy":"product_tag","embeddable":true,"href":"https:\/\/caluaniemuelearus.com\/vi\/wp-json\/wp\/v2\/product_tag?post=1013"}],"curies":[{"name":"wp","href":"https:\/\/api.w.org\/{rel}","templated":true}]}}