{"id":1014,"date":"2024-11-28T02:29:02","date_gmt":"2024-11-28T02:29:02","guid":{"rendered":"https:\/\/caluaniemuelearus.com\/?post_type=product&#038;p=1014"},"modified":"2025-10-16T05:17:22","modified_gmt":"2025-10-16T05:17:22","slug":"caluanie-muelear-oxidizer-50liters","status":"publish","type":"product","link":"https:\/\/caluaniemuelearus.com\/vi\/product\/caluanie-muelear-oxidizer-50liters\/","title":{"rendered":"Caluanie Muelear Oxidize 50Liters"},"content":{"rendered":"<p>Ch\u00fang t\u00f4i c\u00f3 <a href=\"https:\/\/caluaniemuelearus.com\/vi\/\">Caluanie Muelear Oxidize 50Liters<\/a>, m\u1ed9t gi\u1ea3i ph\u00e1p h\u00f3a ch\u1ea5t cao c\u1ea5p \u0111\u01b0\u1ee3c thi\u1ebft k\u1ebf d\u00e0nh cho nh\u1eefng ai \u0111\u00f2i h\u1ecfi s\u1ef1 ho\u00e0n h\u1ea3o trong c\u00e1c \u1ee9ng d\u1ee5ng c\u00f4ng nghi\u1ec7p. Ch\u00fang t\u00f4i l\u00e0 nh\u00e0 s\u1ea3n xu\u1ea5t Caluanie Muelear v\u00e0 ch\u1ea5t oxy h\u00f3a ch\u1ea5t l\u01b0\u1ee3ng cao n\u00e0y \u0111\u01b0\u1ee3c \u0111i\u1ec1u ch\u1ebf t\u1ec9 m\u1ec9 \u0111\u1ec3 n\u00e2ng cao quy tr\u00ecnh c\u1ee7a b\u1ea1n, mang l\u1ea1i hi\u1ec7u qu\u1ea3 v\u00e0 \u0111\u1ed9 tin c\u1eady v\u01b0\u1ee3t tr\u1ed9i. Cho d\u00f9 b\u1ea1n \u0111ang ho\u1ea1t \u0111\u1ed9ng trong l\u0129nh v\u1ef1c t\u1ed5ng h\u1ee3p h\u00f3a h\u1ecdc, ch\u1ebf bi\u1ebfn kho\u00e1ng s\u1ea3n hay b\u1ea5t k\u1ef3 \u1ee9ng d\u1ee5ng c\u00f4ng nghi\u1ec7p n\u00e0o kh\u00e1c, Caluanie Muelear Oxidize ch\u00ednh l\u00e0 gi\u1ea3i ph\u00e1p l\u00fd t\u01b0\u1edfng cho k\u1ebft qu\u1ea3 v\u01b0\u1ee3t tr\u1ed9i.<\/p>\n<h3>T\u00ednh n\u0103ng &amp; L\u1ee3i \u00edch<\/h3>\n<p>&#8211; <b>Th\u00e0nh ph\u1ea7n c\u00f3 \u0111\u1ed9 tinh khi\u1ebft cao: <\/b>Caluanie Muelear Oxidize \u0111\u01b0\u1ee3c s\u1ea3n xu\u1ea5t theo ti\u00eau chu\u1ea9n \u0111\u1ed9 tinh khi\u1ebft cao nh\u1ea5t, \u0111\u1ea3m b\u1ea3o c\u00e1c ph\u1ea3n \u1ee9ng h\u00f3a h\u1ecdc di\u1ec5n ra su\u00f4n s\u1ebb v\u00e0 hi\u1ec7u qu\u1ea3, gi\u1ea3m thi\u1ec3u c\u00e1c s\u1ea3n ph\u1ea9m ph\u1ee5 kh\u00f4ng mong mu\u1ed1n v\u00e0 t\u1ed1i \u0111a h\u00f3a n\u0103ng su\u1ea5t.<\/p>\n<p>&#8211; <b>\u1ee8ng d\u1ee5ng \u0111a n\u0103ng:<\/b>\u00a0S\u1ea3n ph\u1ea9m n\u00e0y ph\u00f9 h\u1ee3p v\u1edbi nhi\u1ec1u \u1ee9ng d\u1ee5ng kh\u00e1c nhau, t\u1eeb khai th\u00e1c kho\u00e1ng s\u1ea3n \u0111\u1ebfn t\u1ed5ng h\u1ee3p h\u00f3a ch\u1ea5t ti\u00ean ti\u1ebfn. T\u00ednh linh ho\u1ea1t c\u1ee7a n\u00f3 khi\u1ebfn n\u00f3 tr\u1edf th\u00e0nh m\u1ed9t b\u1ed5 sung thi\u1ebft y\u1ebfu cho b\u1ed9 c\u00f4ng c\u1ee5 c\u00f4ng nghi\u1ec7p c\u1ee7a b\u1ea1n.<\/p>\n<p>&#8211; <b>Dung t\u00edch l\u1edbn:<\/b>\u00a0V\u1edbi dung t\u00edch l\u1edbn l\u00ean \u0111\u1ebfn 50 l\u00edt, s\u1ea3n ph\u1ea9m n\u00e0y l\u00fd t\u01b0\u1edfng cho c\u00e1c ho\u1ea1t \u0111\u1ed9ng quy m\u00f4 l\u1edbn, gi\u00fap gi\u1ea3m nhu c\u1ea7u b\u1ed5 sung th\u01b0\u1eddng xuy\u00ean v\u00e0 \u0111\u1ea3m b\u1ea3o quy tr\u00ecnh l\u00e0m vi\u1ec7c kh\u00f4ng b\u1ecb gi\u00e1n \u0111o\u1ea1n.<\/p>\n<p>&#8211; <b>\u0110\u1ed9 \u1ed5n \u0111\u1ecbnh v\u00e0 an to\u00e0n:<\/b> L\u00e0 nh\u00e0 s\u1ea3n xu\u1ea5t c\u1ee7a Caluanie Muelear, s\u1ea3n ph\u1ea9m c\u1ee7a ch\u00fang t\u00f4i \u0111\u01b0\u1ee3c thi\u1ebft k\u1ebf \u0111\u1ec3 ho\u1ea1t \u0111\u1ed9ng \u1ed5n \u0111\u1ecbnh trong nhi\u1ec1u \u0111i\u1ec1u ki\u1ec7n kh\u00e1c nhau, mang l\u1ea1i s\u1ef1 an t\u00e2m khi s\u1eed d\u1ee5ng v\u00e0 b\u1ea3o qu\u1ea3n. C\u00e1c t\u00ednh n\u0103ng an to\u00e0n c\u1ee7a s\u1ea3n ph\u1ea9m \u0111\u1ea3m b\u1ea3o b\u1ea1n c\u00f3 th\u1ec3 y\u00ean t\u00e2m s\u1eed d\u1ee5ng.<\/p>\n<h3>N\u00f3 ho\u1ea1t \u0111\u1ed9ng nh\u01b0 th\u1ebf n\u00e0o<\/h3>\n<p>Caluanie Muelear Oxidize ho\u1ea1t \u0111\u1ed9ng nh\u01b0 m\u1ed9t ch\u1ea5t oxy h\u00f3a m\u1ea1nh m\u1ebd trong c\u00e1c ph\u1ea3n \u1ee9ng h\u00f3a h\u1ecdc. Khi \u0111\u01b0\u1ee3c \u0111\u01b0a v\u00e0o m\u00f4i tr\u01b0\u1eddng x\u1eed l\u00fd, n\u00f3 t\u1ea1o \u0111i\u1ec1u ki\u1ec7n thu\u1eadn l\u1ee3i cho qu\u00e1 tr\u00ecnh oxy h\u00f3a nhi\u1ec1u ch\u1ea5t kh\u00e1c nhau, t\u0103ng t\u1ed1c \u0111\u1ed9 ph\u1ea3n \u1ee9ng v\u00e0 c\u1ea3i thi\u1ec7n hi\u1ec7u su\u1ea5t t\u1ed5ng th\u1ec3. C\u00f4ng th\u1ee9c \u0111\u1ed9c \u0111\u00e1o c\u1ee7a n\u00f3 cho ph\u00e9p t\u01b0\u01a1ng t\u00e1c hi\u1ec7u qu\u1ea3 v\u1edbi nhi\u1ec1u lo\u1ea1i h\u1ee3p ch\u1ea5t, khi\u1ebfn n\u00f3 tr\u1edf th\u00e0nh m\u1ed9t ngu\u1ed3n t\u00e0i nguy\u00ean v\u00f4 gi\u00e1 cho c\u00e1c chuy\u00ean gia trong ng\u00e0nh c\u00f4ng nghi\u1ec7p h\u00f3a ch\u1ea5t v\u00e0 kho\u00e1ng s\u1ea3n.<\/p>\n<h3>H\u00e3y h\u00e0nh \u0111\u1ed9ng ngay h\u00f4m nay!<\/h3>\n<p>L\u00e0 nh\u00e0 s\u1ea3n xu\u1ea5t c\u1ee7a Caluanie Muelear, \u0111\u1eebng b\u1ecf l\u1ee1 c\u01a1 h\u1ed9i n\u00e2ng cao quy tr\u00ecnh c\u00f4ng nghi\u1ec7p c\u1ee7a b\u1ea1n v\u1edbi c\u00e1c s\u1ea3n ph\u1ea9m c\u1ee7a ch\u00fang t\u00f4i. \u0110\u1eb7t h\u00e0ng ngay v\u00e0 tr\u1ea3i nghi\u1ec7m s\u1ef1 kh\u00e1c bi\u1ec7t m\u00e0 c\u00e1c gi\u1ea3i ph\u00e1p h\u00f3a ch\u1ea5t ch\u1ea5t l\u01b0\u1ee3ng cao mang l\u1ea1i cho ho\u1ea1t \u0111\u1ed9ng c\u1ee7a b\u1ea1n. N\u00e2ng cao hi\u1ec7u qu\u1ea3 v\u00e0 t\u1ef1 tin \u0111\u1ea1t \u0111\u01b0\u1ee3c m\u1ee5c ti\u00eau!<\/p>\n<h3>T\u1ea1i sao n\u00ean ch\u1ecdn Caluanie Muelear Oxidize c\u1ee7a ch\u00fang t\u00f4i?<\/h3>\n<p>C\u1ee7a ch\u00fang t\u00f4i <a href=\"https:\/\/caluanieoxidizeusa.com\/\">caluanie muelear oxidized for sale<\/a> t\u1ea1i Hoa K\u1ef3 n\u1ed5i b\u1eadt nh\u1edd \u0111\u1ed9 tinh khi\u1ebft cao v\u00e0 hi\u1ec7u su\u1ea5t \u0111\u00e1ng tin c\u1eady. Ch\u00fang t\u00f4i \u01b0u ti\u00ean ch\u1ea5t l\u01b0\u1ee3ng, \u0111\u1ea3m b\u1ea3o b\u1ea1n nh\u1eadn \u0111\u01b0\u1ee3c s\u1ea3n ph\u1ea9m \u0111\u00e1p \u1ee9ng c\u00e1c ti\u00eau chu\u1ea9n nghi\u00eam ng\u1eb7t c\u1ee7a ng\u00e0nh.<\/p>\n<h3>C\u00e1ch mua Caluanie Muelear Oxidize<\/h3>\n<p>Mua s\u1ea3n ph\u1ea9m Caluanie Muelear Oxidation ch\u01b0a bao gi\u1edd d\u1ec5 d\u00e0ng \u0111\u1ebfn th\u1ebf. Ch\u1ec9 c\u1ea7n truy c\u1eadp trang web c\u1ee7a ch\u00fang t\u00f4i \u0111\u1ec3 kh\u00e1m ph\u00e1 c\u00e1c s\u1ea3n ph\u1ea9m v\u00e0 \u0111\u1eb7t h\u00e0ng. Cam k\u1ebft mang \u0111\u1ebfn s\u1ef1 h\u00e0i l\u00f2ng cho kh\u00e1ch h\u00e0ng c\u1ee7a ch\u00fang t\u00f4i \u0111\u1ea3m b\u1ea3o tr\u1ea3i nghi\u1ec7m mua s\u1eafm li\u1ec1n m\u1ea1ch.<\/p>","protected":false},"excerpt":{"rendered":"<ul>\n<li>\u0110\u01b0\u1ee3c l\u01b0u tr\u1eef trong th\u00f9ng nh\u1ef1a 50L<\/li>\n<li>H\u00f3a ch\u1ea5t t\u00e1i s\u1eed d\u1ee5ng<\/li>\n<li>V\u1eadn chuy\u1ec3n h\u00e0ng r\u1eddi \u0111\u1ebfn Ch\u00e2u \u00c1, Ch\u00e2u \u00c2u, Ch\u00e2u Phi<\/li>\n<\/ul>","protected":false},"featured_media":987,"comment_status":"open","ping_status":"closed","template":"","meta":{"_et_pb_use_builder":"","_et_pb_old_content":"","_et_gb_content_width":""},"product_brand":[],"product_cat":[23],"product_tag":[],"class_list":{"0":"post-1014","1":"product","2":"type-product","3":"status-publish","4":"has-post-thumbnail","6":"product_cat-heavy-water","8":"first","9":"instock","10":"sale","11":"shipping-taxable","12":"purchasable","13":"product-type-simple"},"yoast_head":"<!-- This site is optimized with the Yoast SEO Premium plugin v23.9 (Yoast SEO v27.4) - https:\/\/yoast.com\/product\/yoast-seo-premium-wordpress\/ -->\n<title>Caluanie Muelear manufacturers | Caluanie Muelear USA<\/title>\n<meta name=\"description\" content=\"Caluanie Muelear \u6c27\u5316\u5242 50\u5347\u662f\u4e00\u6b3e\u4e13\u4e3a\u5de5\u4e1a\u548c\u79d1\u7814\u9886\u57df\u8bbe\u8ba1\u7684\u9ad8\u6027\u80fd\u5316\u5b66\u6eb6\u6db2\u3002\u5176\u9ad8\u7eaf\u5ea6\u914d\u65b9\u786e\u4fdd\u53cd\u5e94\u9ad8\u6548\u7a33\u5b9a\uff0c\u9002\u7528\u4e8e\u5316\u5b66\u5408\u6210\u3001\u51b6\u91d1\u3001\u77ff\u7269\u52a0\u5de5\u7b49\u591a\u79cd\u5e94\u7528\u3002\u5927\u5bb9\u91cf\u5305\u88c5\u65b9\u4fbf\u6279\u91cf\u751f\u4ea7\u4e0e\u957f\u65f6\u95f4\u4f7f\u7528\uff0c\u52a9\u60a8\u8f7b\u677e\u63d0\u5347\u5de5\u4f5c\u6548\u7387\u4e0e\u6210\u679c\u54c1\u8d28\u3002\u7acb\u5373\u9009\u62e9 Caluanie Muelear\uff0c\u4f53\u9a8c\u5353\u8d8a\u5de5\u4e1a\u6c27\u5316\u6027\u80fd\uff01\" \/>\n<meta name=\"robots\" content=\"index, follow, max-snippet:-1, max-image-preview:large, max-video-preview:-1\" \/>\n<link rel=\"canonical\" href=\"https:\/\/caluaniemuelearus.com\/vi\/product\/caluanie-muelear-oxidizer-50liters\/\" \/>\n<meta property=\"og:locale\" content=\"vi_VN\" \/>\n<meta property=\"og:type\" content=\"article\" \/>\n<meta property=\"og:title\" content=\"Caluanie Muelear Oxidize 50Liters\" \/>\n<meta property=\"og:description\" content=\"Caluanie Muelear \u6c27\u5316\u5242 50\u5347\u662f\u4e00\u6b3e\u4e13\u4e3a\u5de5\u4e1a\u548c\u79d1\u7814\u9886\u57df\u8bbe\u8ba1\u7684\u9ad8\u6027\u80fd\u5316\u5b66\u6eb6\u6db2\u3002\u5176\u9ad8\u7eaf\u5ea6\u914d\u65b9\u786e\u4fdd\u53cd\u5e94\u9ad8\u6548\u7a33\u5b9a\uff0c\u9002\u7528\u4e8e\u5316\u5b66\u5408\u6210\u3001\u51b6\u91d1\u3001\u77ff\u7269\u52a0\u5de5\u7b49\u591a\u79cd\u5e94\u7528\u3002\u5927\u5bb9\u91cf\u5305\u88c5\u65b9\u4fbf\u6279\u91cf\u751f\u4ea7\u4e0e\u957f\u65f6\u95f4\u4f7f\u7528\uff0c\u52a9\u60a8\u8f7b\u677e\u63d0\u5347\u5de5\u4f5c\u6548\u7387\u4e0e\u6210\u679c\u54c1\u8d28\u3002\u7acb\u5373\u9009\u62e9 Caluanie Muelear\uff0c\u4f53\u9a8c\u5353\u8d8a\u5de5\u4e1a\u6c27\u5316\u6027\u80fd\uff01\" \/>\n<meta property=\"og:url\" content=\"https:\/\/caluaniemuelearus.com\/vi\/product\/caluanie-muelear-oxidizer-50liters\/\" \/>\n<meta property=\"og:site_name\" content=\"Caluanie Muelear USA\" \/>\n<meta property=\"article:modified_time\" content=\"2025-10-16T05:17:22+00:00\" \/>\n<meta property=\"og:image\" content=\"https:\/\/caluaniemuelearus.com\/wp-content\/uploads\/2024\/11\/Caluanie-Muelear-US-50Liters.webp\" \/>\n\t<meta property=\"og:image:width\" content=\"250\" \/>\n\t<meta property=\"og:image:height\" content=\"300\" \/>\n\t<meta property=\"og:image:type\" content=\"image\/webp\" \/>\n<meta name=\"twitter:card\" content=\"summary_large_image\" \/>\n<meta name=\"twitter:label1\" content=\"\u01af\u1edbc t\u00ednh th\u1eddi gian \u0111\u1ecdc\" \/>\n\t<meta name=\"twitter:data1\" content=\"2 ph\u00fat\" \/>\n<script type=\"application\/ld+json\" class=\"yoast-schema-graph\">{\"@context\":\"https:\\\/\\\/schema.org\",\"@graph\":[{\"@type\":\"WebPage\",\"@id\":\"https:\\\/\\\/caluaniemuelearus.com\\\/product\\\/caluanie-muelear-oxidize-50liters\\\/\",\"url\":\"https:\\\/\\\/caluaniemuelearus.com\\\/product\\\/caluanie-muelear-oxidize-50liters\\\/\",\"name\":\"Caluanie Muelear manufacturers | Caluanie Muelear USA\",\"isPartOf\":{\"@id\":\"https:\\\/\\\/caluaniemuelearus.com\\\/#website\"},\"primaryImageOfPage\":{\"@id\":\"https:\\\/\\\/caluaniemuelearus.com\\\/product\\\/caluanie-muelear-oxidize-50liters\\\/#primaryimage\"},\"image\":{\"@id\":\"https:\\\/\\\/caluaniemuelearus.com\\\/product\\\/caluanie-muelear-oxidize-50liters\\\/#primaryimage\"},\"thumbnailUrl\":\"https:\\\/\\\/caluaniemuelearus.com\\\/wp-content\\\/uploads\\\/2024\\\/11\\\/Caluanie-Muelear-US-50Liters.webp\",\"datePublished\":\"2024-11-28T02:29:02+00:00\",\"dateModified\":\"2025-10-16T05:17:22+00:00\",\"description\":\"Caluanie Muelear \u6c27\u5316\u5242 50\u5347\u662f\u4e00\u6b3e\u4e13\u4e3a\u5de5\u4e1a\u548c\u79d1\u7814\u9886\u57df\u8bbe\u8ba1\u7684\u9ad8\u6027\u80fd\u5316\u5b66\u6eb6\u6db2\u3002\u5176\u9ad8\u7eaf\u5ea6\u914d\u65b9\u786e\u4fdd\u53cd\u5e94\u9ad8\u6548\u7a33\u5b9a\uff0c\u9002\u7528\u4e8e\u5316\u5b66\u5408\u6210\u3001\u51b6\u91d1\u3001\u77ff\u7269\u52a0\u5de5\u7b49\u591a\u79cd\u5e94\u7528\u3002\u5927\u5bb9\u91cf\u5305\u88c5\u65b9\u4fbf\u6279\u91cf\u751f\u4ea7\u4e0e\u957f\u65f6\u95f4\u4f7f\u7528\uff0c\u52a9\u60a8\u8f7b\u677e\u63d0\u5347\u5de5\u4f5c\u6548\u7387\u4e0e\u6210\u679c\u54c1\u8d28\u3002\u7acb\u5373\u9009\u62e9 Caluanie Muelear\uff0c\u4f53\u9a8c\u5353\u8d8a\u5de5\u4e1a\u6c27\u5316\u6027\u80fd\uff01\",\"breadcrumb\":{\"@id\":\"https:\\\/\\\/caluaniemuelearus.com\\\/product\\\/caluanie-muelear-oxidize-50liters\\\/#breadcrumb\"},\"inLanguage\":\"vi\",\"potentialAction\":[{\"@type\":\"ReadAction\",\"target\":[\"https:\\\/\\\/caluaniemuelearus.com\\\/product\\\/caluanie-muelear-oxidize-50liters\\\/\"]}]},{\"@type\":\"ImageObject\",\"inLanguage\":\"vi\",\"@id\":\"https:\\\/\\\/caluaniemuelearus.com\\\/product\\\/caluanie-muelear-oxidize-50liters\\\/#primaryimage\",\"url\":\"https:\\\/\\\/caluaniemuelearus.com\\\/wp-content\\\/uploads\\\/2024\\\/11\\\/Caluanie-Muelear-US-50Liters.webp\",\"contentUrl\":\"https:\\\/\\\/caluaniemuelearus.com\\\/wp-content\\\/uploads\\\/2024\\\/11\\\/Caluanie-Muelear-US-50Liters.webp\",\"width\":250,\"height\":300,\"caption\":\"Caluanie Muelear manufacturers\"},{\"@type\":\"BreadcrumbList\",\"@id\":\"https:\\\/\\\/caluaniemuelearus.com\\\/product\\\/caluanie-muelear-oxidize-50liters\\\/#breadcrumb\",\"itemListElement\":[{\"@type\":\"ListItem\",\"position\":1,\"name\":\"Home\",\"item\":\"https:\\\/\\\/caluaniemuelearus.com\\\/\"},{\"@type\":\"ListItem\",\"position\":2,\"name\":\"Products\",\"item\":\"https:\\\/\\\/caluaniemuelearus.com\\\/shop\\\/\"},{\"@type\":\"ListItem\",\"position\":3,\"name\":\"Caluanie Muelear Oxidize 50Liters\"}]},{\"@type\":\"WebSite\",\"@id\":\"https:\\\/\\\/caluaniemuelearus.com\\\/#website\",\"url\":\"https:\\\/\\\/caluaniemuelearus.com\\\/\",\"name\":\"Caluanie Muelear USA\",\"description\":\"Buy Caluanie Muelear Oxidize\",\"publisher\":{\"@id\":\"https:\\\/\\\/caluaniemuelearus.com\\\/#organization\"},\"potentialAction\":[{\"@type\":\"SearchAction\",\"target\":{\"@type\":\"EntryPoint\",\"urlTemplate\":\"https:\\\/\\\/caluaniemuelearus.com\\\/?s={search_term_string}\"},\"query-input\":{\"@type\":\"PropertyValueSpecification\",\"valueRequired\":true,\"valueName\":\"search_term_string\"}}],\"inLanguage\":\"vi\"},{\"@type\":\"Organization\",\"@id\":\"https:\\\/\\\/caluaniemuelearus.com\\\/#organization\",\"name\":\"Caluanie Muelear USA\",\"url\":\"https:\\\/\\\/caluaniemuelearus.com\\\/\",\"logo\":{\"@type\":\"ImageObject\",\"inLanguage\":\"vi\",\"@id\":\"https:\\\/\\\/caluaniemuelearus.com\\\/#\\\/schema\\\/logo\\\/image\\\/\",\"url\":\"https:\\\/\\\/caluaniemuelearus.com\\\/wp-content\\\/uploads\\\/2024\\\/11\\\/Pixel-technology-logo-designs-template.webp\",\"contentUrl\":\"https:\\\/\\\/caluaniemuelearus.com\\\/wp-content\\\/uploads\\\/2024\\\/11\\\/Pixel-technology-logo-designs-template.webp\",\"width\":500,\"height\":500,\"caption\":\"Caluanie Muelear USA\"},\"image\":{\"@id\":\"https:\\\/\\\/caluaniemuelearus.com\\\/#\\\/schema\\\/logo\\\/image\\\/\"}}]}<\/script>\n<!-- \/ Yoast SEO Premium plugin. -->","yoast_head_json":{"title":"Nh\u00e0 s\u1ea3n xu\u1ea5t Caluanie Muelear | Caluanie Muelear Hoa K\u1ef3","description":"Caluanie Muelear \u6c27\u5316\u5242 50\u5347\u662f\u4e00\u6b3e\u4e13\u4e3a\u5de5\u4e1a\u548c\u79d1\u7814\u9886\u57df\u8bbe\u8ba1\u7684\u9ad8\u6027\u80fd\u5316\u5b66\u6eb6\u6db2\u3002\u5176\u9ad8\u7eaf\u5ea6\u914d\u65b9\u786e\u4fdd\u53cd\u5e94\u9ad8\u6548\u7a33\u5b9a\uff0c\u9002\u7528\u4e8e\u5316\u5b66\u5408\u6210\u3001\u51b6\u91d1\u3001\u77ff\u7269\u52a0\u5de5\u7b49\u591a\u79cd\u5e94\u7528\u3002\u5927\u5bb9\u91cf\u5305\u88c5\u65b9\u4fbf\u6279\u91cf\u751f\u4ea7\u4e0e\u957f\u65f6\u95f4\u4f7f\u7528\uff0c\u52a9\u60a8\u8f7b\u677e\u63d0\u5347\u5de5\u4f5c\u6548\u7387\u4e0e\u6210\u679c\u54c1\u8d28\u3002\u7acb\u5373\u9009\u62e9 Caluanie Muelear\uff0c\u4f53\u9a8c\u5353\u8d8a\u5de5\u4e1a\u6c27\u5316\u6027\u80fd\uff01","robots":{"index":"index","follow":"follow","max-snippet":"max-snippet:-1","max-image-preview":"max-image-preview:large","max-video-preview":"max-video-preview:-1"},"canonical":"https:\/\/caluaniemuelearus.com\/vi\/product\/caluanie-muelear-oxidizer-50liters\/","og_locale":"vi_VN","og_type":"article","og_title":"Caluanie Muelear Oxidize 50Liters","og_description":"Caluanie Muelear \u6c27\u5316\u5242 50\u5347\u662f\u4e00\u6b3e\u4e13\u4e3a\u5de5\u4e1a\u548c\u79d1\u7814\u9886\u57df\u8bbe\u8ba1\u7684\u9ad8\u6027\u80fd\u5316\u5b66\u6eb6\u6db2\u3002\u5176\u9ad8\u7eaf\u5ea6\u914d\u65b9\u786e\u4fdd\u53cd\u5e94\u9ad8\u6548\u7a33\u5b9a\uff0c\u9002\u7528\u4e8e\u5316\u5b66\u5408\u6210\u3001\u51b6\u91d1\u3001\u77ff\u7269\u52a0\u5de5\u7b49\u591a\u79cd\u5e94\u7528\u3002\u5927\u5bb9\u91cf\u5305\u88c5\u65b9\u4fbf\u6279\u91cf\u751f\u4ea7\u4e0e\u957f\u65f6\u95f4\u4f7f\u7528\uff0c\u52a9\u60a8\u8f7b\u677e\u63d0\u5347\u5de5\u4f5c\u6548\u7387\u4e0e\u6210\u679c\u54c1\u8d28\u3002\u7acb\u5373\u9009\u62e9 Caluanie Muelear\uff0c\u4f53\u9a8c\u5353\u8d8a\u5de5\u4e1a\u6c27\u5316\u6027\u80fd\uff01","og_url":"https:\/\/caluaniemuelearus.com\/vi\/product\/caluanie-muelear-oxidizer-50liters\/","og_site_name":"Caluanie Muelear USA","article_modified_time":"2025-10-16T05:17:22+00:00","og_image":[{"width":250,"height":300,"url":"https:\/\/caluaniemuelearus.com\/wp-content\/uploads\/2024\/11\/Caluanie-Muelear-US-50Liters.webp","type":"image\/webp"}],"twitter_card":"summary_large_image","twitter_misc":{"\u01af\u1edbc t\u00ednh th\u1eddi gian \u0111\u1ecdc":"2 ph\u00fat"},"schema":{"@context":"https:\/\/schema.org","@graph":[{"@type":"WebPage","@id":"https:\/\/caluaniemuelearus.com\/product\/caluanie-muelear-oxidize-50liters\/","url":"https:\/\/caluaniemuelearus.com\/product\/caluanie-muelear-oxidize-50liters\/","name":"Nh\u00e0 s\u1ea3n xu\u1ea5t Caluanie Muelear | Caluanie Muelear Hoa K\u1ef3","isPartOf":{"@id":"https:\/\/caluaniemuelearus.com\/#website"},"primaryImageOfPage":{"@id":"https:\/\/caluaniemuelearus.com\/product\/caluanie-muelear-oxidize-50liters\/#primaryimage"},"image":{"@id":"https:\/\/caluaniemuelearus.com\/product\/caluanie-muelear-oxidize-50liters\/#primaryimage"},"thumbnailUrl":"https:\/\/caluaniemuelearus.com\/wp-content\/uploads\/2024\/11\/Caluanie-Muelear-US-50Liters.webp","datePublished":"2024-11-28T02:29:02+00:00","dateModified":"2025-10-16T05:17:22+00:00","description":"Caluanie Muelear \u6c27\u5316\u5242 50\u5347\u662f\u4e00\u6b3e\u4e13\u4e3a\u5de5\u4e1a\u548c\u79d1\u7814\u9886\u57df\u8bbe\u8ba1\u7684\u9ad8\u6027\u80fd\u5316\u5b66\u6eb6\u6db2\u3002\u5176\u9ad8\u7eaf\u5ea6\u914d\u65b9\u786e\u4fdd\u53cd\u5e94\u9ad8\u6548\u7a33\u5b9a\uff0c\u9002\u7528\u4e8e\u5316\u5b66\u5408\u6210\u3001\u51b6\u91d1\u3001\u77ff\u7269\u52a0\u5de5\u7b49\u591a\u79cd\u5e94\u7528\u3002\u5927\u5bb9\u91cf\u5305\u88c5\u65b9\u4fbf\u6279\u91cf\u751f\u4ea7\u4e0e\u957f\u65f6\u95f4\u4f7f\u7528\uff0c\u52a9\u60a8\u8f7b\u677e\u63d0\u5347\u5de5\u4f5c\u6548\u7387\u4e0e\u6210\u679c\u54c1\u8d28\u3002\u7acb\u5373\u9009\u62e9 Caluanie Muelear\uff0c\u4f53\u9a8c\u5353\u8d8a\u5de5\u4e1a\u6c27\u5316\u6027\u80fd\uff01","breadcrumb":{"@id":"https:\/\/caluaniemuelearus.com\/product\/caluanie-muelear-oxidize-50liters\/#breadcrumb"},"inLanguage":"vi","potentialAction":[{"@type":"ReadAction","target":["https:\/\/caluaniemuelearus.com\/product\/caluanie-muelear-oxidize-50liters\/"]}]},{"@type":"ImageObject","inLanguage":"vi","@id":"https:\/\/caluaniemuelearus.com\/product\/caluanie-muelear-oxidize-50liters\/#primaryimage","url":"https:\/\/caluaniemuelearus.com\/wp-content\/uploads\/2024\/11\/Caluanie-Muelear-US-50Liters.webp","contentUrl":"https:\/\/caluaniemuelearus.com\/wp-content\/uploads\/2024\/11\/Caluanie-Muelear-US-50Liters.webp","width":250,"height":300,"caption":"Caluanie Muelear manufacturers"},{"@type":"BreadcrumbList","@id":"https:\/\/caluaniemuelearus.com\/product\/caluanie-muelear-oxidize-50liters\/#breadcrumb","itemListElement":[{"@type":"ListItem","position":1,"name":"Home","item":"https:\/\/caluaniemuelearus.com\/"},{"@type":"ListItem","position":2,"name":"Products","item":"https:\/\/caluaniemuelearus.com\/shop\/"},{"@type":"ListItem","position":3,"name":"Caluanie Muelear Oxidize 50Liters"}]},{"@type":"WebSite","@id":"https:\/\/caluaniemuelearus.com\/#website","url":"https:\/\/caluaniemuelearus.com\/","name":"Caluanie Muelear Hoa K\u1ef3","description":"Mua Caluanie Muelear Oxidize","publisher":{"@id":"https:\/\/caluaniemuelearus.com\/#organization"},"potentialAction":[{"@type":"SearchAction","target":{"@type":"EntryPoint","urlTemplate":"https:\/\/caluaniemuelearus.com\/?s={search_term_string}"},"query-input":{"@type":"PropertyValueSpecification","valueRequired":true,"valueName":"search_term_string"}}],"inLanguage":"vi"},{"@type":"Organization","@id":"https:\/\/caluaniemuelearus.com\/#organization","name":"Caluanie Muelear Hoa K\u1ef3","url":"https:\/\/caluaniemuelearus.com\/","logo":{"@type":"ImageObject","inLanguage":"vi","@id":"https:\/\/caluaniemuelearus.com\/#\/schema\/logo\/image\/","url":"https:\/\/caluaniemuelearus.com\/wp-content\/uploads\/2024\/11\/Pixel-technology-logo-designs-template.webp","contentUrl":"https:\/\/caluaniemuelearus.com\/wp-content\/uploads\/2024\/11\/Pixel-technology-logo-designs-template.webp","width":500,"height":500,"caption":"Caluanie Muelear USA"},"image":{"@id":"https:\/\/caluaniemuelearus.com\/#\/schema\/logo\/image\/"}}]}},"_links":{"self":[{"href":"https:\/\/caluaniemuelearus.com\/vi\/wp-json\/wp\/v2\/product\/1014","targetHints":{"allow":["GET"]}}],"collection":[{"href":"https:\/\/caluaniemuelearus.com\/vi\/wp-json\/wp\/v2\/product"}],"about":[{"href":"https:\/\/caluaniemuelearus.com\/vi\/wp-json\/wp\/v2\/types\/product"}],"replies":[{"embeddable":true,"href":"https:\/\/caluaniemuelearus.com\/vi\/wp-json\/wp\/v2\/comments?post=1014"}],"wp:featuredmedia":[{"embeddable":true,"href":"https:\/\/caluaniemuelearus.com\/vi\/wp-json\/wp\/v2\/media\/987"}],"wp:attachment":[{"href":"https:\/\/caluaniemuelearus.com\/vi\/wp-json\/wp\/v2\/media?parent=1014"}],"wp:term":[{"taxonomy":"product_brand","embeddable":true,"href":"https:\/\/caluaniemuelearus.com\/vi\/wp-json\/wp\/v2\/product_brand?post=1014"},{"taxonomy":"product_cat","embeddable":true,"href":"https:\/\/caluaniemuelearus.com\/vi\/wp-json\/wp\/v2\/product_cat?post=1014"},{"taxonomy":"product_tag","embeddable":true,"href":"https:\/\/caluaniemuelearus.com\/vi\/wp-json\/wp\/v2\/product_tag?post=1014"}],"curies":[{"name":"wp","href":"https:\/\/api.w.org\/{rel}","templated":true}]}}